{"id":11,"date":"2012-09-13T20:49:06","date_gmt":"2012-09-13T18:49:06","guid":{"rendered":"http:\/\/leipziger-blechbude.de\/content\/?page_id=11"},"modified":"2024-03-04T17:49:18","modified_gmt":"2024-03-04T16:49:18","slug":"konzept","status":"publish","type":"page","link":"https:\/\/leipziger-blechbude.de\/content\/","title":{"rendered":"Startseite"},"content":{"rendered":"<div id=\"metaslider-id-143718\" style=\"width: 100%;\" class=\"ml-slider-3-108-0 metaslider metaslider-nivo metaslider-143718 ml-slider has-dots-nav ms-theme-default\" role=\"region\" aria-label=\"Frontpage Slider\" data-height=\"600\" data-width=\"980\">\n    <div id=\"metaslider_container_143718\">\n        <div class='slider-wrapper theme-default'><div class='ribbon'><\/div><div id='metaslider_143718' class='nivoSlider'><img loading=\"lazy\" decoding=\"async\" width=\"980\" height=\"601\" src=\"https:\/\/leipziger-blechbude.de\/content\/wp-content\/uploads\/2020\/10\/front_team-1.jpg\" class=\"slider-143718 slide-556896 msDefaultImage\" alt=\"\" data-caption=\"\" data-thumb=\"\" title=\"front_team\" rel=\"\" srcset=\"https:\/\/leipziger-blechbude.de\/content\/wp-content\/uploads\/2020\/10\/front_team-1.jpg 980w, https:\/\/leipziger-blechbude.de\/content\/wp-content\/uploads\/2020\/10\/front_team-1-300x184.jpg 300w, https:\/\/leipziger-blechbude.de\/content\/wp-content\/uploads\/2020\/10\/front_team-1-768x471.jpg 768w\" sizes=\"auto, (max-width: 980px) 100vw, 980px\" \/><img loading=\"lazy\" decoding=\"async\" width=\"980\" height=\"600\" src=\"https:\/\/leipziger-blechbude.de\/content\/wp-content\/uploads\/2017\/05\/front_slider_4.jpg\" class=\"slider-143718 slide-143886 msDefaultImage\" alt=\"\" data-caption=\"\" data-thumb=\"\" title=\"\" rel=\"\" srcset=\"https:\/\/leipziger-blechbude.de\/content\/wp-content\/uploads\/2017\/05\/front_slider_4.jpg 980w, https:\/\/leipziger-blechbude.de\/content\/wp-content\/uploads\/2017\/05\/front_slider_4-300x184.jpg 300w, https:\/\/leipziger-blechbude.de\/content\/wp-content\/uploads\/2017\/05\/front_slider_4-768x470.jpg 768w\" sizes=\"auto, (max-width: 980px) 100vw, 980px\" \/><img loading=\"lazy\" decoding=\"async\" width=\"980\" height=\"600\" src=\"https:\/\/leipziger-blechbude.de\/content\/wp-content\/uploads\/2017\/05\/front_slider_3.jpg\" class=\"slider-143718 slide-143884 msDefaultImage\" alt=\"\" data-caption=\"\" data-thumb=\"\" title=\"\" rel=\"\" srcset=\"https:\/\/leipziger-blechbude.de\/content\/wp-content\/uploads\/2017\/05\/front_slider_3.jpg 980w, https:\/\/leipziger-blechbude.de\/content\/wp-content\/uploads\/2017\/05\/front_slider_3-300x184.jpg 300w, https:\/\/leipziger-blechbude.de\/content\/wp-content\/uploads\/2017\/05\/front_slider_3-768x470.jpg 768w\" sizes=\"auto, (max-width: 980px) 100vw, 980px\" \/><img loading=\"lazy\" decoding=\"async\" width=\"979\" height=\"600\" src=\"https:\/\/leipziger-blechbude.de\/content\/wp-content\/uploads\/2017\/05\/front_slider_1.jpg\" class=\"slider-143718 slide-143883 msDefaultImage\" alt=\"\" data-caption=\"\" data-thumb=\"\" title=\"\" rel=\"\" srcset=\"https:\/\/leipziger-blechbude.de\/content\/wp-content\/uploads\/2017\/05\/front_slider_1.jpg 979w, https:\/\/leipziger-blechbude.de\/content\/wp-content\/uploads\/2017\/05\/front_slider_1-300x184.jpg 300w, https:\/\/leipziger-blechbude.de\/content\/wp-content\/uploads\/2017\/05\/front_slider_1-768x471.jpg 768w\" sizes=\"auto, (max-width: 979px) 100vw, 979px\" \/><\/div><\/div>\n        \n    <\/div>\n<\/div>\n<h2 class=\"slogan_header\">\nMusik als klanglich farbenfroher Begleiter unseres Lebens!<br \/>\n<\/h2>\n<p class=\"slogan\">\nSo stellen wir uns die Motivation, die Idee, das Konzept unseres Unterrichts vor. Wir m\u00f6chten unsere Sch\u00fclerinnen und Sch\u00fcler einladen, in die bunte Welt der Kl\u00e4nge einzutauchen. Mit viel Kreativit\u00e4t und Inspiration, gepaart mit umfangreichem musikalischen wie p\u00e4dagogischen Fachwissen ist es unser Ziel, einen individuellen Unterricht f\u00fcr jeden anzubieten. Ob mit der Posaune, dem Horn, der Trompete, im Blockfl\u00f6tenkindergarten oder f\u00fcr unsere Kleinsten bei den Leipziger Musikm\u00e4usen, \u00fcberall starten wir in eine spannende musikalische Reise!<br \/>\n<\/p>\n<p><h2 class=\"centered\"><span>Angebote<\/span><\/h2><br \/>\n<div id='Angebote2' class='widgets_on_page wop_tiny1  wop_small1  wop_medium1  wop_large1  wop_wide1'>\n\t\t\t<ul><li id=\"dorayaki_service-5\" class=\"widget widget_dorayaki_service\">\n\t\t\t<a class=\"service-box\" href=\"https:\/\/leipziger-blechbude.de\/content\/angebote\/musikgarten\/\">\n\t\t\t\t<img decoding=\"async\" src=\"https:\/\/leipziger-blechbude.de\/content\/wp-content\/uploads\/2017\/05\/service-musikgarten.jpg\" alt=\"Leipziger Musikm\u00e4use\" class=\"service-img\">\n\t\t\t\t<span class=\"service-name\">Leipziger Musikm\u00e4use<\/span>\n\t\t\t\t<span class=\"service-info\">ein bew\u00e4hrtes musikalisches Eltern-Kind-Konzept, von der Geburt bis zum f\u00fcnften Lebensjahr.\nDurch Singen, Musizieren, Bewegen und Musikh\u00f6ren wird die nat\u00fcrliche musikalische Veranlagung der Kinder geweckt und entwickelt. Einfache Instrumente wie Klangh\u00f6lzer, Gl\u00f6ckchen, Rasseln und Trommeln f\u00fchren in die Welt der Kl\u00e4nge ein<\/span>\n\t\t\t<\/a><!-- end .service-box -->\n\n\t\t <\/li><li id=\"dorayaki_service-7\" class=\"widget widget_dorayaki_service\">\n\t\t\t<a class=\"service-box\" href=\"https:\/\/leipziger-blechbude.de\/content\/angebote\/preisliste\/\">\n\t\t\t\t<img decoding=\"async\" src=\"https:\/\/leipziger-blechbude.de\/content\/wp-content\/uploads\/2020\/07\/preisliste_header_horn.jpg\" alt=\"Preisliste\" class=\"service-img\">\n\t\t\t\t<span class=\"service-name\">Preisliste<\/span>\n\t\t\t\t<span class=\"service-info\"><br><br><br><br>Die aktuellen Preise zu unseren Angeboten finden sie hier.<br><br><br>\n\n\n\n\n<\/span>\n\t\t\t<\/a><!-- end .service-box -->\n\n\t\t <\/li><li id=\"dorayaki_service-6\" class=\"widget widget_dorayaki_service\">\n\t\t\t<a class=\"service-box\" href=\"https:\/\/leipziger-blechbude.de\/content\/angebote\/instrumentalkurse\/\">\n\t\t\t\t<img decoding=\"async\" src=\"https:\/\/leipziger-blechbude.de\/content\/wp-content\/uploads\/2022\/09\/blechbude_trio_angebote_header.jpeg\" alt=\"Instrumental\u00ad\u00adunterricht\" class=\"service-img\">\n\t\t\t\t<span class=\"service-name\">Instrumental\u00ad\u00adunterricht<\/span>\n\t\t\t\t<span class=\"service-info\">Ob auf der Blockfl\u00f6te, der Trompete, dem Horn oder der Posaune, wir entlocken allen Instrumenten die ersten T\u00f6ne und Melodien. Aber auch fortgeschrittene Musikbegeisterte k\u00f6nnen im Einzelunterricht oder in der Gruppe ihre individuellen F\u00e4higkeiten schulen.<br>\nSch\u00fcler im Alter von 6 bis 99 Jahren sind bei uns willkommen.<\/span>\n\t\t\t<\/a><!-- end .service-box -->\n\n\t\t <\/li><\/ul><\/div><!-- widgets_on_page --><\/p>\n<p><h2 class=\"centered\"><span>Das Team<\/span><\/h2><br \/>\n<div id='Team_Startseite' class='widgets_on_page wop_tiny1  wop_small1  wop_medium1  wop_large1  wop_wide1'>\n\t\t\t<ul><li id=\"dorayaki_team-2\" class=\"widget widget_dorayaki_team\">\n\t\t\t<div class=\"team-box\">\n\t\t\t\t<div class=\"tm-info\">\n\t\t\t\t\t<img decoding=\"async\" src=\"https:\/\/leipziger-blechbude.de\/content\/wp-content\/uploads\/2017\/05\/team-front-annegret.jpg\" alt=\"Annegret Peuker\" class=\"tm-img\">\n\t\t\t\t\t<div class=\"tm-author\">\n\t\t\t\t\t\t<h4>Annegret Peuker<\/h4>\n\t\t\t\t\t\t<span class=\"tm-pos\">Musikm\u00e4use, Blockfl\u00f6te, Horn<\/span>\n\t\t\t\t\t\t\t<p class=\"tm-text\">Die Kleinsten sind mir die Liebsten. In der Blechbude nenne mich alle die ''gute Fee'', vielleicht auch weil ich gerne mit einem oder auch 66 PS die Leipziger Lande unsicher mache.<br>\n<br><a href=\"https:\/\/leipziger-blechbude.de\/content\/team\/annegret-gneuss\">MEHR LESEN<\/a><\/p>\n\t\t\t\t\t\t\t\t\t\t\t\t\t\t\t\t\t\t\t<\/div>\n\t\t\t\t<\/div><!-- end .tm-info -->\n\t\t\t\t<div class=\"tm-quote\">\n\t\t\t\t\t<p>Musik von Anfang an und f\u00fcr immer.<\/p>\n\t\t\t\t<\/div><!-- end .tm-quote -->\n\t\t\t<\/div><!-- end .team-box -->\n\n\t\t <\/li><li id=\"dorayaki_team-4\" class=\"widget widget_dorayaki_team\">\n\t\t\t<div class=\"team-box\">\n\t\t\t\t<div class=\"tm-info\">\n\t\t\t\t\t<img decoding=\"async\" src=\"https:\/\/leipziger-blechbude.de\/content\/wp-content\/uploads\/2017\/05\/team-front-christian.jpg\" alt=\"Christian Scholz\" class=\"tm-img\">\n\t\t\t\t\t<div class=\"tm-author\">\n\t\t\t\t\t\t<h4>Christian Scholz<\/h4>\n\t\t\t\t\t\t<span class=\"tm-pos\">Trompete<\/span>\n\t\t\t\t\t\t\t<p class=\"tm-text\">Selbst auf Reisen ist die kleine Taschentrompete mit an Bord. Ansonsten genie\u00dfe ich es, in meinen vier W\u00e4nden den Kochl\u00f6ffel zu schwingen und z.B. die eine oder andere Roulade aufzurollen.<br>\r\n<br><a href=\"https:\/\/leipziger-blechbude.de\/content\/team\/christian-scholz\">MEHR LESEN<\/a><\/p>\n\t\t\t\t\t\t\t<a href=\"http:\/\/embrassment.de\" class=\"tm-link\">Embrassment<\/a>\t\t\t\t\t\t\t\t\t\t\t\t<\/div>\n\t\t\t\t<\/div><!-- end .tm-info -->\n\t\t\t\t<div class=\"tm-quote\">\n\t\t\t\t\t<p>Es kommt nicht darauf an, was du spielst, sondern wie du spielst.<\/p>\n\t\t\t\t<\/div><!-- end .tm-quote -->\n\t\t\t<\/div><!-- end .team-box -->\n\n\t\t <\/li><li id=\"dorayaki_team-5\" class=\"widget widget_dorayaki_team\">\n\t\t\t<div class=\"team-box\">\n\t\t\t\t<div class=\"tm-info\">\n\t\t\t\t\t<img decoding=\"async\" src=\"https:\/\/leipziger-blechbude.de\/content\/wp-content\/uploads\/2017\/05\/team-front-michael.jpg\" alt=\"Michael Peuker\" class=\"tm-img\">\n\t\t\t\t\t<div class=\"tm-author\">\n\t\t\t\t\t\t<h4>Michael Peuker<\/h4>\n\t\t\t\t\t\t<span class=\"tm-pos\">Posaune, Bariton, Tuba<\/span>\n\t\t\t\t\t\t\t<p class=\"tm-text\">Ich k\u00fcmmere mich um alle Wehwechen der Blechbudentechnik. Auch die Internetseite geht auf mein Konto. Von den Kindern meines Jugendorchesters wurde ich auf den Namen ''Fuchtelb\u00e4rchen'' getauft.<br>\r\n<br><a href=\"https:\/\/leipziger-blechbude.de\/content\/team\/michael-peuker\">MEHR LESEN<\/a><\/p>\n\t\t\t\t\t\t\t<a href=\"http:\/\/www.saechsische-blaeserphilharmonie.de\" class=\"tm-link\">S\u00e4chsische Bl\u00e4serphilharmonie<\/a>\t\t\t\t\t\t\t<a href=\"http:\/\/jbo-leipzig.de\" class=\"tm-link\">Jugendblasorchester Leipzig<\/a>\t\t\t\t\t<\/div>\n\t\t\t\t<\/div><!-- end .tm-info -->\n\t\t\t\t<div class=\"tm-quote\">\n\t\t\t\t\t<p>B\u00f6se Menschen haben keine Lieder, aber meistens eine Stereoanlage.<\/p>\n\t\t\t\t<\/div><!-- end .tm-quote -->\n\t\t\t<\/div><!-- end .team-box -->\n\n\t\t <\/li><\/ul><\/div><!-- widgets_on_page --><\/p>\n<p><h2 class=\"centered\"><span>Was unsere Sch\u00fcler sagen<\/span><\/h2><br \/>\n<div id=\"metaslider-id-143738\" style=\"max-width: 900px; margin: 0 auto;\" class=\"ml-slider-3-108-0 metaslider metaslider-nivo metaslider-143738 ml-slider ms-theme-default\" role=\"region\" aria-label=\"Zitate\" data-height=\"200\" data-width=\"900\">\n    <div id=\"metaslider_container_143738\">\n        <div class='slider-wrapper theme-default'><div class='ribbon'><\/div><div id='metaslider_143738' class='nivoSlider'><img loading=\"lazy\" decoding=\"async\" width=\"900\" height=\"200\" src=\"https:\/\/leipziger-blechbude.de\/content\/wp-content\/uploads\/2017\/05\/zitate-finn.png\" class=\"slider-143738 slide-143789 msDefaultImage\" alt=\"\" data-caption=\"\" data-thumb=\"\" title=\"\" rel=\"\" srcset=\"https:\/\/leipziger-blechbude.de\/content\/wp-content\/uploads\/2017\/05\/zitate-finn.png 900w, https:\/\/leipziger-blechbude.de\/content\/wp-content\/uploads\/2017\/05\/zitate-finn-300x67.png 300w, https:\/\/leipziger-blechbude.de\/content\/wp-content\/uploads\/2017\/05\/zitate-finn-768x171.png 768w\" sizes=\"auto, (max-width: 900px) 100vw, 900px\" \/><img loading=\"lazy\" decoding=\"async\" width=\"900\" height=\"200\" src=\"https:\/\/leipziger-blechbude.de\/content\/wp-content\/uploads\/2017\/05\/zitate-leandra.png\" class=\"slider-143738 slide-144613 msDefaultImage\" alt=\"\" data-caption=\"\" data-thumb=\"\" title=\"\" rel=\"\" srcset=\"https:\/\/leipziger-blechbude.de\/content\/wp-content\/uploads\/2017\/05\/zitate-leandra.png 900w, https:\/\/leipziger-blechbude.de\/content\/wp-content\/uploads\/2017\/05\/zitate-leandra-300x67.png 300w, https:\/\/leipziger-blechbude.de\/content\/wp-content\/uploads\/2017\/05\/zitate-leandra-768x171.png 768w\" sizes=\"auto, (max-width: 900px) 100vw, 900px\" \/><img loading=\"lazy\" decoding=\"async\" width=\"900\" height=\"200\" src=\"https:\/\/leipziger-blechbude.de\/content\/wp-content\/uploads\/2017\/05\/zitate-audrey.png\" class=\"slider-143738 slide-144612 msDefaultImage\" alt=\"\" data-caption=\"\" data-thumb=\"\" title=\"\" rel=\"\" srcset=\"https:\/\/leipziger-blechbude.de\/content\/wp-content\/uploads\/2017\/05\/zitate-audrey.png 900w, https:\/\/leipziger-blechbude.de\/content\/wp-content\/uploads\/2017\/05\/zitate-audrey-300x67.png 300w, https:\/\/leipziger-blechbude.de\/content\/wp-content\/uploads\/2017\/05\/zitate-audrey-768x171.png 768w\" sizes=\"auto, (max-width: 900px) 100vw, 900px\" \/><img loading=\"lazy\" decoding=\"async\" width=\"900\" height=\"200\" src=\"https:\/\/leipziger-blechbude.de\/content\/wp-content\/uploads\/2017\/05\/zitate-aurelie.png\" class=\"slider-143738 slide-143788 msDefaultImage\" alt=\"\" data-caption=\"\" data-thumb=\"\" title=\"\" rel=\"\" srcset=\"https:\/\/leipziger-blechbude.de\/content\/wp-content\/uploads\/2017\/05\/zitate-aurelie.png 900w, https:\/\/leipziger-blechbude.de\/content\/wp-content\/uploads\/2017\/05\/zitate-aurelie-300x67.png 300w, https:\/\/leipziger-blechbude.de\/content\/wp-content\/uploads\/2017\/05\/zitate-aurelie-768x171.png 768w\" sizes=\"auto, (max-width: 900px) 100vw, 900px\" \/><img loading=\"lazy\" decoding=\"async\" width=\"900\" height=\"200\" src=\"https:\/\/leipziger-blechbude.de\/content\/wp-content\/uploads\/2017\/05\/zitate-albert.png\" class=\"slider-143738 slide-143786 msDefaultImage\" alt=\"\" data-caption=\"\" data-thumb=\"\" title=\"\" rel=\"\" srcset=\"https:\/\/leipziger-blechbude.de\/content\/wp-content\/uploads\/2017\/05\/zitate-albert.png 900w, https:\/\/leipziger-blechbude.de\/content\/wp-content\/uploads\/2017\/05\/zitate-albert-300x67.png 300w, https:\/\/leipziger-blechbude.de\/content\/wp-content\/uploads\/2017\/05\/zitate-albert-768x171.png 768w\" sizes=\"auto, (max-width: 900px) 100vw, 900px\" \/><\/div><\/div>\n        \n    <\/div>\n<\/div><\/p>\n<p><h2 class=\"centered\"><span>Kontakt<\/span><\/h2><br \/>\n<div id='Kontakt' class='widgets_on_page wop_tiny1  wop_small1  wop_medium1  wop_large1  wop_wide1'>\n\t\t\t<ul><li id=\"dorayaki_contactbox-2\" class=\"widget widget_dorayaki_contactbox\">\n\t\t\t<div class=\"contact-box clearfix\">\n\t\t\t\t<div class=\"cb-map\">\n\t\t\t\t\t<iframe src=\"https:\/\/www.google.com\/maps\/embed?pb=!1m14!1m8!1m3!1d2467.5230156071593!2d12.333812213823883!3d51.32377770515575!3m2!1i1024!2i768!4f13.1!3m3!1m2!1s0x47a6f77468ef9a95%3A0x3162d2d2a5f9d293!2sErich-Zeigner-Allee+64%2C+04229+Leipzig!5e0!3m2!1sde!2sde!4v1492804341514&amp;output=embed\" frameborder=\"0\" marginwidth=\"0\" marginheight=\"0\" scrolling=\"no\"><\/iframe>\t\t\t\t<\/div><!-- end .cb-map -->\n\t\t\t\t<div class=\"cb-info clearfix\">\n\t\t\t\t\t<div class=\"cb-address-wrap\">\n\t\t\t\t\t\t<div class=\"cb-address\"><p>Leipziger Blechbude<br \/>\nErich-Zeigner-Allee 64a<br \/>\n04229 Leipzig<\/p>\n<\/div>\n\t\t\t\t\t\t\t\t\t\t\t\t<a href=\"https:\/\/www.google.com\/maps\/embed?pb=!1m14!1m8!1m3!1d2467.5230156071593!2d12.333812213823883!3d51.32377770515575!3m2!1i1024!2i768!4f13.1!3m3!1m2!1s0x47a6f77468ef9a95%3A0x3162d2d2a5f9d293!2sErich-Zeigner-Allee+64%2C+04229+Leipzig!5e0!3m2!1sde!2sde!4v1492804341514\" class=\"cb-maplink\" target=\"_blank\">Karte im Browser<\/a>\t\t\t\t\t<\/div><!-- end .cb-address-wrap -->\n\t\t\t\t\t<div class=\"cb-emails\">\n\t\t\t\t\t\t<h5>Email an uns<\/h5>\n\t\t\t\t\t\t<h6><\/h6>\n\t\t\t\t\t\t<span>info@leipziger-blechbude.de<\/span>\n\t\t\t\t\t\t\t\t\t\t\t\t\t\t\t\t\t<\/div><!-- end .cb-emails -->\n\t\t\t\t<\/div><!-- end .cb-info -->\n\t\t\t<\/div><!-- end .contact-box -->\n\n\t\t <\/li><\/ul><\/div><!-- widgets_on_page --><\/p>\n","protected":false},"excerpt":{"rendered":"","protected":false},"author":1,"featured_media":0,"parent":0,"menu_order":5,"comment_status":"closed","ping_status":"closed","template":"page-templates\/full-width.php","meta":{"jetpack_post_was_ever_published":false,"footnotes":""},"class_list":["post-11","page","type-page","status-publish","hentry"],"jetpack_shortlink":"https:\/\/wp.me\/P2KXId-b","jetpack_sharing_enabled":true,"_links":{"self":[{"href":"https:\/\/leipziger-blechbude.de\/content\/wp-json\/wp\/v2\/pages\/11","targetHints":{"allow":["GET"]}}],"collection":[{"href":"https:\/\/leipziger-blechbude.de\/content\/wp-json\/wp\/v2\/pages"}],"about":[{"href":"https:\/\/leipziger-blechbude.de\/content\/wp-json\/wp\/v2\/types\/page"}],"author":[{"embeddable":true,"href":"https:\/\/leipziger-blechbude.de\/content\/wp-json\/wp\/v2\/users\/1"}],"replies":[{"embeddable":true,"href":"https:\/\/leipziger-blechbude.de\/content\/wp-json\/wp\/v2\/comments?post=11"}],"version-history":[{"count":33,"href":"https:\/\/leipziger-blechbude.de\/content\/wp-json\/wp\/v2\/pages\/11\/revisions"}],"predecessor-version":[{"id":889968,"href":"https:\/\/leipziger-blechbude.de\/content\/wp-json\/wp\/v2\/pages\/11\/revisions\/889968"}],"wp:attachment":[{"href":"https:\/\/leipziger-blechbude.de\/content\/wp-json\/wp\/v2\/media?parent=11"}],"curies":[{"name":"wp","href":"https:\/\/api.w.org\/{rel}","templated":true}]}}