{"id":143464,"date":"2017-05-11T20:03:49","date_gmt":"2017-05-11T19:03:49","guid":{"rendered":"http:\/\/leipziger-blechbude.de\/content\/?page_id=143464"},"modified":"2017-05-13T12:26:39","modified_gmt":"2017-05-13T11:26:39","slug":"anfahrt","status":"publish","type":"page","link":"https:\/\/leipziger-blechbude.de\/content\/die-blechbude\/anfahrt\/","title":{"rendered":"Anfahrt"},"content":{"rendered":"<p>Erich-Zeigner-Allee 64A. Unser Eingang befindet sich direkt neben dem Regionalwarenladen \u201eGr\u00fcne Pforte\u201c. Schr\u00e4g gegen\u00fcber sind die Kitas \u201eHummelwiese\u201c und \u201eZwergenland\u201c. <\/p>\n<p><img decoding=\"async\" src=\"https:\/\/leipziger-blechbude.de\/content\/wp-content\/uploads\/2012\/09\/Karte-Blechbude-Erich-Zeigner-Allee-841x1024.png\" alt=\"\" width=\"60%\" height=\"60%\" class=\"aligncenter size-large wp-image-37575\" srcset=\"https:\/\/leipziger-blechbude.de\/content\/wp-content\/uploads\/2012\/09\/Karte-Blechbude-Erich-Zeigner-Allee-841x1024.png 841w, https:\/\/leipziger-blechbude.de\/content\/wp-content\/uploads\/2012\/09\/Karte-Blechbude-Erich-Zeigner-Allee-247x300.png 247w\" sizes=\"(max-width: 841px) 100vw, 841px\" \/><\/p>\n<p>Kommen Sie vom Kreisverkehr der \u201eIndustriestrasse\u201c auf Erich-Zeigner-Allee finden Sie uns nach ca. 500 Metern auf der rechten Seite.<\/p>\n<p>Kommen Sie vom \u201eSchleussiger Weg\u201c in die Erich-Zeigner-Allee finden Sie uns nach ca. 1000 Metern auf der linken Seite.<\/p>\n<p>Bunte Luftballons oder ein Aufsteller auf dem Fu\u00dfweg bieten zus\u00e4tzliche Orientierungshilfe.<br \/>\n\u201eLeipziger Blechbude\u201c steht an unseren Fenstern.<\/p>\n<p>Kinderwagenparkpl\u00e4tze sind im ersten Stock \u00fcber unsere Rampe im Treppenhaus zu erreichen.<\/p>\n<p>Bietet die Erich-Zeigner-Allee keine Parkm\u00f6glichkeiten vor der T\u00fcr, ist es auch m\u00f6glich, das Auto im gro\u00dfen Hinterhof abzustellen.<\/p>\n<div id='Kontakt' class='widgets_on_page wop_tiny1  wop_small1  wop_medium1  wop_large1  wop_wide1'>\n\t\t\t<ul><li id=\"dorayaki_contactbox-2\" class=\"widget widget_dorayaki_contactbox\">\n\t\t\t<div class=\"contact-box clearfix\">\n\t\t\t\t<div class=\"cb-map\">\n\t\t\t\t\t<iframe src=\"https:\/\/www.google.com\/maps\/embed?pb=!1m14!1m8!1m3!1d2467.5230156071593!2d12.333812213823883!3d51.32377770515575!3m2!1i1024!2i768!4f13.1!3m3!1m2!1s0x47a6f77468ef9a95%3A0x3162d2d2a5f9d293!2sErich-Zeigner-Allee+64%2C+04229+Leipzig!5e0!3m2!1sde!2sde!4v1492804341514&amp;output=embed\" frameborder=\"0\" marginwidth=\"0\" marginheight=\"0\" scrolling=\"no\"><\/iframe>\t\t\t\t<\/div><!-- end .cb-map -->\n\t\t\t\t<div class=\"cb-info clearfix\">\n\t\t\t\t\t<div class=\"cb-address-wrap\">\n\t\t\t\t\t\t<div class=\"cb-address\"><p>Leipziger Blechbude<br \/>\nErich-Zeigner-Allee 64a<br \/>\n04229 Leipzig<\/p>\n<\/div>\n\t\t\t\t\t\t\t\t\t\t\t\t<a href=\"https:\/\/www.google.com\/maps\/embed?pb=!1m14!1m8!1m3!1d2467.5230156071593!2d12.333812213823883!3d51.32377770515575!3m2!1i1024!2i768!4f13.1!3m3!1m2!1s0x47a6f77468ef9a95%3A0x3162d2d2a5f9d293!2sErich-Zeigner-Allee+64%2C+04229+Leipzig!5e0!3m2!1sde!2sde!4v1492804341514\" class=\"cb-maplink\" target=\"_blank\">Karte im Browser<\/a>\t\t\t\t\t<\/div><!-- end .cb-address-wrap -->\n\t\t\t\t\t<div class=\"cb-emails\">\n\t\t\t\t\t\t<h5>Email an uns<\/h5>\n\t\t\t\t\t\t<h6><\/h6>\n\t\t\t\t\t\t<span>info@leipziger-blechbude.de<\/span>\n\t\t\t\t\t\t\t\t\t\t\t\t\t\t\t\t\t<\/div><!-- end .cb-emails -->\n\t\t\t\t<\/div><!-- end .cb-info -->\n\t\t\t<\/div><!-- end .contact-box -->\n\n\t\t <\/li><\/ul><\/div><!-- widgets_on_page -->\n","protected":false},"excerpt":{"rendered":"<p>Erich-Zeigner-Allee 64A. Unser Eingang befindet sich direkt neben dem Regionalwarenladen \u201eGr\u00fcne Pforte\u201c. Schr\u00e4g gegen\u00fcber sind die Kitas \u201eHummelwiese\u201c und \u201eZwergenland\u201c. Kommen Sie vom Kreisverkehr der \u201eIndustriestrasse\u201c auf Erich-Zeigner-Allee finden Sie uns nach ca. 500 Metern auf der rechten Seite. Kommen Sie vom \u201eSchleussiger Weg\u201c in die &hellip; <\/p>\n<p><a href=\"https:\/\/leipziger-blechbude.de\/content\/die-blechbude\/anfahrt\/\" class=\"more-link\"><span class=\"morelink-icon\">Weiterlesen<\/span><\/a><\/p>\n","protected":false},"author":1,"featured_media":0,"parent":143445,"menu_order":0,"comment_status":"closed","ping_status":"closed","template":"page-templates\/full-width.php","meta":{"footnotes":""},"class_list":["post-143464","page","type-page","status-publish","hentry"],"jetpack_shortlink":"https:\/\/wp.me\/P2KXId-BjW","jetpack_sharing_enabled":true,"_links":{"self":[{"href":"https:\/\/leipziger-blechbude.de\/content\/wp-json\/wp\/v2\/pages\/143464","targetHints":{"allow":["GET"]}}],"collection":[{"href":"https:\/\/leipziger-blechbude.de\/content\/wp-json\/wp\/v2\/pages"}],"about":[{"href":"https:\/\/leipziger-blechbude.de\/content\/wp-json\/wp\/v2\/types\/page"}],"author":[{"embeddable":true,"href":"https:\/\/leipziger-blechbude.de\/content\/wp-json\/wp\/v2\/users\/1"}],"replies":[{"embeddable":true,"href":"https:\/\/leipziger-blechbude.de\/content\/wp-json\/wp\/v2\/comments?post=143464"}],"version-history":[{"count":5,"href":"https:\/\/leipziger-blechbude.de\/content\/wp-json\/wp\/v2\/pages\/143464\/revisions"}],"predecessor-version":[{"id":144850,"href":"https:\/\/leipziger-blechbude.de\/content\/wp-json\/wp\/v2\/pages\/143464\/revisions\/144850"}],"up":[{"embeddable":true,"href":"https:\/\/leipziger-blechbude.de\/content\/wp-json\/wp\/v2\/pages\/143445"}],"wp:attachment":[{"href":"https:\/\/leipziger-blechbude.de\/content\/wp-json\/wp\/v2\/media?parent=143464"}],"curies":[{"name":"wp","href":"https:\/\/api.w.org\/{rel}","templated":true}]}}