{"id":143470,"date":"2017-05-11T20:05:20","date_gmt":"2017-05-11T19:05:20","guid":{"rendered":"http:\/\/leipziger-blechbude.de\/content\/?page_id=143470"},"modified":"2024-03-04T17:49:18","modified_gmt":"2024-03-04T16:49:18","slug":"team","status":"publish","type":"page","link":"https:\/\/leipziger-blechbude.de\/content\/team\/","title":{"rendered":"Team"},"content":{"rendered":"<div class=\"three-columns-one\">\n<div id=\"metaslider-id-143731\" style=\"max-width: 338px; margin: 0 auto;\" class=\"ml-slider-3-108-0 metaslider metaslider-nivo metaslider-143731 ml-slider ms-theme-default\" role=\"region\" aria-label=\"Annegret\" data-height=\"338\" data-width=\"338\">\n    <div id=\"metaslider_container_143731\">\n        <div class='slider-wrapper theme-default'><div class='ribbon'><\/div><div id='metaslider_143731' class='nivoSlider'><img loading=\"lazy\" decoding=\"async\" width=\"425\" height=\"425\" src=\"https:\/\/leipziger-blechbude.de\/content\/wp-content\/uploads\/2017\/05\/team_header_annegret_q_1.jpg\" class=\"slider-143731 slide-143953 msDefaultImage\" alt=\"\" data-caption=\"\" data-thumb=\"\" title=\"\" rel=\"\" srcset=\"https:\/\/leipziger-blechbude.de\/content\/wp-content\/uploads\/2017\/05\/team_header_annegret_q_1.jpg 425w, https:\/\/leipziger-blechbude.de\/content\/wp-content\/uploads\/2017\/05\/team_header_annegret_q_1-150x150.jpg 150w, https:\/\/leipziger-blechbude.de\/content\/wp-content\/uploads\/2017\/05\/team_header_annegret_q_1-300x300.jpg 300w\" sizes=\"auto, (max-width: 425px) 100vw, 425px\" \/><img loading=\"lazy\" decoding=\"async\" width=\"425\" height=\"425\" src=\"https:\/\/leipziger-blechbude.de\/content\/wp-content\/uploads\/2017\/05\/team_header_annegret_q_2.jpg\" class=\"slider-143731 slide-143954 msDefaultImage\" alt=\"\" data-caption=\"\" data-thumb=\"\" title=\"\" rel=\"\" srcset=\"https:\/\/leipziger-blechbude.de\/content\/wp-content\/uploads\/2017\/05\/team_header_annegret_q_2.jpg 425w, https:\/\/leipziger-blechbude.de\/content\/wp-content\/uploads\/2017\/05\/team_header_annegret_q_2-150x150.jpg 150w, https:\/\/leipziger-blechbude.de\/content\/wp-content\/uploads\/2017\/05\/team_header_annegret_q_2-300x300.jpg 300w\" sizes=\"auto, (max-width: 425px) 100vw, 425px\" \/><img loading=\"lazy\" decoding=\"async\" width=\"425\" height=\"425\" src=\"https:\/\/leipziger-blechbude.de\/content\/wp-content\/uploads\/2017\/05\/team_header_annegret_q_3.jpg\" class=\"slider-143731 slide-143955 msDefaultImage\" alt=\"\" data-caption=\"\" data-thumb=\"\" title=\"\" rel=\"\" srcset=\"https:\/\/leipziger-blechbude.de\/content\/wp-content\/uploads\/2017\/05\/team_header_annegret_q_3.jpg 425w, https:\/\/leipziger-blechbude.de\/content\/wp-content\/uploads\/2017\/05\/team_header_annegret_q_3-150x150.jpg 150w, https:\/\/leipziger-blechbude.de\/content\/wp-content\/uploads\/2017\/05\/team_header_annegret_q_3-300x300.jpg 300w\" sizes=\"auto, (max-width: 425px) 100vw, 425px\" \/><img loading=\"lazy\" decoding=\"async\" width=\"425\" height=\"425\" src=\"https:\/\/leipziger-blechbude.de\/content\/wp-content\/uploads\/2017\/05\/team_header_annegret_q_4.jpg\" class=\"slider-143731 slide-143956 msDefaultImage\" alt=\"\" data-caption=\"\" data-thumb=\"\" title=\"\" rel=\"\" srcset=\"https:\/\/leipziger-blechbude.de\/content\/wp-content\/uploads\/2017\/05\/team_header_annegret_q_4.jpg 425w, https:\/\/leipziger-blechbude.de\/content\/wp-content\/uploads\/2017\/05\/team_header_annegret_q_4-150x150.jpg 150w, https:\/\/leipziger-blechbude.de\/content\/wp-content\/uploads\/2017\/05\/team_header_annegret_q_4-300x300.jpg 300w\" sizes=\"auto, (max-width: 425px) 100vw, 425px\" \/><img loading=\"lazy\" decoding=\"async\" width=\"425\" height=\"425\" src=\"https:\/\/leipziger-blechbude.de\/content\/wp-content\/uploads\/2017\/05\/team_header_annegret_q_5.jpg\" class=\"slider-143731 slide-143957 msDefaultImage\" alt=\"\" data-caption=\"\" data-thumb=\"\" title=\"\" rel=\"\" srcset=\"https:\/\/leipziger-blechbude.de\/content\/wp-content\/uploads\/2017\/05\/team_header_annegret_q_5.jpg 425w, https:\/\/leipziger-blechbude.de\/content\/wp-content\/uploads\/2017\/05\/team_header_annegret_q_5-150x150.jpg 150w, https:\/\/leipziger-blechbude.de\/content\/wp-content\/uploads\/2017\/05\/team_header_annegret_q_5-300x300.jpg 300w\" sizes=\"auto, (max-width: 425px) 100vw, 425px\" \/><img loading=\"lazy\" decoding=\"async\" width=\"425\" height=\"425\" src=\"https:\/\/leipziger-blechbude.de\/content\/wp-content\/uploads\/2017\/05\/team_header_annegret_q_6.jpg\" class=\"slider-143731 slide-143958 msDefaultImage\" alt=\"\" data-caption=\"\" data-thumb=\"\" title=\"\" rel=\"\" srcset=\"https:\/\/leipziger-blechbude.de\/content\/wp-content\/uploads\/2017\/05\/team_header_annegret_q_6.jpg 425w, https:\/\/leipziger-blechbude.de\/content\/wp-content\/uploads\/2017\/05\/team_header_annegret_q_6-150x150.jpg 150w, https:\/\/leipziger-blechbude.de\/content\/wp-content\/uploads\/2017\/05\/team_header_annegret_q_6-300x300.jpg 300w\" sizes=\"auto, (max-width: 425px) 100vw, 425px\" \/><img loading=\"lazy\" decoding=\"async\" width=\"425\" height=\"425\" src=\"https:\/\/leipziger-blechbude.de\/content\/wp-content\/uploads\/2017\/05\/team_header_annegret_q_9.jpg\" class=\"slider-143731 slide-143959 msDefaultImage\" alt=\"\" data-caption=\"\" data-thumb=\"\" title=\"\" rel=\"\" srcset=\"https:\/\/leipziger-blechbude.de\/content\/wp-content\/uploads\/2017\/05\/team_header_annegret_q_9.jpg 425w, https:\/\/leipziger-blechbude.de\/content\/wp-content\/uploads\/2017\/05\/team_header_annegret_q_9-150x150.jpg 150w, https:\/\/leipziger-blechbude.de\/content\/wp-content\/uploads\/2017\/05\/team_header_annegret_q_9-300x300.jpg 300w\" sizes=\"auto, (max-width: 425px) 100vw, 425px\" \/><\/div><\/div>\n        \n    <\/div>\n<\/div><\/p>\n<div class=\"white-box\">\n<h2 style=\"text-align: center;\">Annegret Peuker<\/h2>\n<\/div>\n<p>Hier, bei den Musikm\u00e4usen, finden unsere Kleinsten spielerisch ihre ersten Kontakte mit der bunten Welt der Musik. Die allen Kindern angeborene Musikalit\u00e4t wird ohne Leistungserwartungen durch Singen, Musizieren, Bewegen und Lauschen erweitert und f\u00f6rdert somit die ganz\u00adheitliche Entwicklung.<br \/>\n\u00dcber die Blockfl\u00f6te werden die Kinder bei Frau Peuker in die Geheimnisse der Blas\u00adinstrumente eingeweiht, um dann im passenden Alter selbst zu entscheiden, die Reise mit Horn, Posaune oder Trompete fortzusetzen&#8230;.<\/p>\n<div style=\"text-align: center;\"><a class=\"standard-btn yellow-btn\" href=\"https:\/\/leipziger-blechbude.de\/content\/team\/annegret-gneuss\/\"><span>Weiterlesen<\/span><\/a><\/div>\n<\/div>\n<div class=\"three-columns-one\">\n<div id=\"metaslider-id-143728\" style=\"max-width: 338px; margin: 0 auto;\" class=\"ml-slider-3-108-0 metaslider metaslider-nivo metaslider-143728 ml-slider ms-theme-default\" role=\"region\" aria-label=\"Christian\" data-height=\"338\" data-width=\"338\">\n    <div id=\"metaslider_container_143728\">\n        <div class='slider-wrapper theme-default'><div class='ribbon'><\/div><div id='metaslider_143728' class='nivoSlider'><img loading=\"lazy\" decoding=\"async\" width=\"425\" height=\"425\" src=\"https:\/\/leipziger-blechbude.de\/content\/wp-content\/uploads\/2017\/05\/team_header_christian_q_8.jpg\" class=\"slider-143728 slide-144057 msDefaultImage\" alt=\"\" data-caption=\"\" data-thumb=\"\" title=\"\" rel=\"\" srcset=\"https:\/\/leipziger-blechbude.de\/content\/wp-content\/uploads\/2017\/05\/team_header_christian_q_8.jpg 425w, https:\/\/leipziger-blechbude.de\/content\/wp-content\/uploads\/2017\/05\/team_header_christian_q_8-150x150.jpg 150w, https:\/\/leipziger-blechbude.de\/content\/wp-content\/uploads\/2017\/05\/team_header_christian_q_8-300x300.jpg 300w\" sizes=\"auto, (max-width: 425px) 100vw, 425px\" \/><img loading=\"lazy\" decoding=\"async\" width=\"425\" height=\"425\" src=\"https:\/\/leipziger-blechbude.de\/content\/wp-content\/uploads\/2017\/05\/team_header_christian_q_1.jpg\" class=\"slider-143728 slide-144050 msDefaultImage\" alt=\"\" data-caption=\"\" data-thumb=\"\" title=\"\" rel=\"\" srcset=\"https:\/\/leipziger-blechbude.de\/content\/wp-content\/uploads\/2017\/05\/team_header_christian_q_1.jpg 425w, https:\/\/leipziger-blechbude.de\/content\/wp-content\/uploads\/2017\/05\/team_header_christian_q_1-150x150.jpg 150w, https:\/\/leipziger-blechbude.de\/content\/wp-content\/uploads\/2017\/05\/team_header_christian_q_1-300x300.jpg 300w\" sizes=\"auto, (max-width: 425px) 100vw, 425px\" \/><img loading=\"lazy\" decoding=\"async\" width=\"425\" height=\"425\" src=\"https:\/\/leipziger-blechbude.de\/content\/wp-content\/uploads\/2017\/05\/team_header_christian_q_2.jpg\" class=\"slider-143728 slide-144051 msDefaultImage\" alt=\"\" data-caption=\"\" data-thumb=\"\" title=\"\" rel=\"\" srcset=\"https:\/\/leipziger-blechbude.de\/content\/wp-content\/uploads\/2017\/05\/team_header_christian_q_2.jpg 425w, https:\/\/leipziger-blechbude.de\/content\/wp-content\/uploads\/2017\/05\/team_header_christian_q_2-150x150.jpg 150w, https:\/\/leipziger-blechbude.de\/content\/wp-content\/uploads\/2017\/05\/team_header_christian_q_2-300x300.jpg 300w\" sizes=\"auto, (max-width: 425px) 100vw, 425px\" \/><img loading=\"lazy\" decoding=\"async\" width=\"425\" height=\"425\" src=\"https:\/\/leipziger-blechbude.de\/content\/wp-content\/uploads\/2017\/05\/team_header_christian_q_3.jpg\" class=\"slider-143728 slide-144052 msDefaultImage\" alt=\"\" data-caption=\"\" data-thumb=\"\" title=\"\" rel=\"\" srcset=\"https:\/\/leipziger-blechbude.de\/content\/wp-content\/uploads\/2017\/05\/team_header_christian_q_3.jpg 425w, https:\/\/leipziger-blechbude.de\/content\/wp-content\/uploads\/2017\/05\/team_header_christian_q_3-150x150.jpg 150w, https:\/\/leipziger-blechbude.de\/content\/wp-content\/uploads\/2017\/05\/team_header_christian_q_3-300x300.jpg 300w\" sizes=\"auto, (max-width: 425px) 100vw, 425px\" \/><img loading=\"lazy\" decoding=\"async\" width=\"425\" height=\"425\" src=\"https:\/\/leipziger-blechbude.de\/content\/wp-content\/uploads\/2017\/05\/team_header_christian_q_4.jpg\" class=\"slider-143728 slide-144053 msDefaultImage\" alt=\"\" data-caption=\"\" data-thumb=\"\" title=\"\" rel=\"\" srcset=\"https:\/\/leipziger-blechbude.de\/content\/wp-content\/uploads\/2017\/05\/team_header_christian_q_4.jpg 425w, https:\/\/leipziger-blechbude.de\/content\/wp-content\/uploads\/2017\/05\/team_header_christian_q_4-150x150.jpg 150w, https:\/\/leipziger-blechbude.de\/content\/wp-content\/uploads\/2017\/05\/team_header_christian_q_4-300x300.jpg 300w\" sizes=\"auto, (max-width: 425px) 100vw, 425px\" \/><img loading=\"lazy\" decoding=\"async\" width=\"425\" height=\"425\" src=\"https:\/\/leipziger-blechbude.de\/content\/wp-content\/uploads\/2017\/05\/team_header_christian_q_5.jpg\" class=\"slider-143728 slide-144054 msDefaultImage\" alt=\"\" data-caption=\"\" data-thumb=\"\" title=\"\" rel=\"\" srcset=\"https:\/\/leipziger-blechbude.de\/content\/wp-content\/uploads\/2017\/05\/team_header_christian_q_5.jpg 425w, https:\/\/leipziger-blechbude.de\/content\/wp-content\/uploads\/2017\/05\/team_header_christian_q_5-150x150.jpg 150w, https:\/\/leipziger-blechbude.de\/content\/wp-content\/uploads\/2017\/05\/team_header_christian_q_5-300x300.jpg 300w\" sizes=\"auto, (max-width: 425px) 100vw, 425px\" \/><img loading=\"lazy\" decoding=\"async\" width=\"425\" height=\"425\" src=\"https:\/\/leipziger-blechbude.de\/content\/wp-content\/uploads\/2017\/05\/team_header_christian_q_6.jpg\" class=\"slider-143728 slide-144055 msDefaultImage\" alt=\"\" data-caption=\"\" data-thumb=\"\" title=\"\" rel=\"\" srcset=\"https:\/\/leipziger-blechbude.de\/content\/wp-content\/uploads\/2017\/05\/team_header_christian_q_6.jpg 425w, https:\/\/leipziger-blechbude.de\/content\/wp-content\/uploads\/2017\/05\/team_header_christian_q_6-150x150.jpg 150w, https:\/\/leipziger-blechbude.de\/content\/wp-content\/uploads\/2017\/05\/team_header_christian_q_6-300x300.jpg 300w\" sizes=\"auto, (max-width: 425px) 100vw, 425px\" \/><img loading=\"lazy\" decoding=\"async\" width=\"425\" height=\"425\" src=\"https:\/\/leipziger-blechbude.de\/content\/wp-content\/uploads\/2017\/05\/team_header_christian_q_7.jpg\" class=\"slider-143728 slide-144056 msDefaultImage\" alt=\"\" data-caption=\"\" data-thumb=\"\" title=\"\" rel=\"\" srcset=\"https:\/\/leipziger-blechbude.de\/content\/wp-content\/uploads\/2017\/05\/team_header_christian_q_7.jpg 425w, https:\/\/leipziger-blechbude.de\/content\/wp-content\/uploads\/2017\/05\/team_header_christian_q_7-150x150.jpg 150w, https:\/\/leipziger-blechbude.de\/content\/wp-content\/uploads\/2017\/05\/team_header_christian_q_7-300x300.jpg 300w\" sizes=\"auto, (max-width: 425px) 100vw, 425px\" \/><\/div><\/div>\n        \n    <\/div>\n<\/div><\/p>\n<div class=\"white-box\">\n<h2 style=\"text-align: center;\">Christian Scholz<\/h2>\n<\/div>\n<p>Christian ist seit Beginn seiner musikalischen Laufbahn vielf\u00e4ltig in der Arbeit mit Kindern und Jugendlichen t\u00e4tig. Bereits in seiner eigenen Ausbildung im Jugend\u00adblasorchester und der Musikschule in Bautzen unterrichtete er Blechbl\u00e4ser und probte musikalische Programme in Gruppen. Diese Begeisterung setze sich im Studium an der Hochschule f\u00fcr Musik &amp; Theater in Leipzig fort. Das Studium der Orchester- und Sololiteratur gab sich immer die Hand mit den p\u00e4dagogischen Inhalten des Musizierens&#8230;..<\/p>\n<div style=\"text-align: center;\"><a class=\"standard-btn yellow-btn\" href=\"https:\/\/leipziger-blechbude.de\/content\/team\/christian-scholz\/\"><span>Weiterlesen<\/span><\/a><\/div>\n<\/div>\n<div class=\"three-columns-one last\">\n<div id=\"metaslider-id-143725\" style=\"max-width: 338px; margin: 0 auto;\" class=\"ml-slider-3-108-0 metaslider metaslider-nivo metaslider-143725 ml-slider ms-theme-default\" role=\"region\" aria-label=\"Michael\" data-height=\"338\" data-width=\"338\">\n    <div id=\"metaslider_container_143725\">\n        <div class='slider-wrapper theme-default'><div class='ribbon'><\/div><div id='metaslider_143725' class='nivoSlider'><img loading=\"lazy\" decoding=\"async\" width=\"425\" height=\"425\" src=\"https:\/\/leipziger-blechbude.de\/content\/wp-content\/uploads\/2017\/05\/team_header_michael_q_2.jpg\" class=\"slider-143725 slide-144021 msDefaultImage\" alt=\"\" data-caption=\"\" data-thumb=\"\" title=\"\" rel=\"\" srcset=\"https:\/\/leipziger-blechbude.de\/content\/wp-content\/uploads\/2017\/05\/team_header_michael_q_2.jpg 425w, https:\/\/leipziger-blechbude.de\/content\/wp-content\/uploads\/2017\/05\/team_header_michael_q_2-150x150.jpg 150w, https:\/\/leipziger-blechbude.de\/content\/wp-content\/uploads\/2017\/05\/team_header_michael_q_2-300x300.jpg 300w, https:\/\/leipziger-blechbude.de\/content\/wp-content\/uploads\/2017\/05\/team_header_michael_q_2-355x355.jpg 355w\" sizes=\"auto, (max-width: 425px) 100vw, 425px\" \/><img loading=\"lazy\" decoding=\"async\" width=\"425\" height=\"425\" src=\"https:\/\/leipziger-blechbude.de\/content\/wp-content\/uploads\/2017\/05\/team_header_michael_q_1.jpg\" class=\"slider-143725 slide-144020 msDefaultImage\" alt=\"\" data-caption=\"\" data-thumb=\"\" title=\"\" rel=\"\" srcset=\"https:\/\/leipziger-blechbude.de\/content\/wp-content\/uploads\/2017\/05\/team_header_michael_q_1.jpg 425w, https:\/\/leipziger-blechbude.de\/content\/wp-content\/uploads\/2017\/05\/team_header_michael_q_1-150x150.jpg 150w, https:\/\/leipziger-blechbude.de\/content\/wp-content\/uploads\/2017\/05\/team_header_michael_q_1-300x300.jpg 300w, https:\/\/leipziger-blechbude.de\/content\/wp-content\/uploads\/2017\/05\/team_header_michael_q_1-355x355.jpg 355w\" sizes=\"auto, (max-width: 425px) 100vw, 425px\" \/><img loading=\"lazy\" decoding=\"async\" width=\"425\" height=\"425\" src=\"https:\/\/leipziger-blechbude.de\/content\/wp-content\/uploads\/2017\/05\/team_header_michael_q_3.jpg\" class=\"slider-143725 slide-144022 msDefaultImage\" alt=\"\" data-caption=\"\" data-thumb=\"\" title=\"\" rel=\"\" srcset=\"https:\/\/leipziger-blechbude.de\/content\/wp-content\/uploads\/2017\/05\/team_header_michael_q_3.jpg 425w, https:\/\/leipziger-blechbude.de\/content\/wp-content\/uploads\/2017\/05\/team_header_michael_q_3-150x150.jpg 150w, https:\/\/leipziger-blechbude.de\/content\/wp-content\/uploads\/2017\/05\/team_header_michael_q_3-300x300.jpg 300w, https:\/\/leipziger-blechbude.de\/content\/wp-content\/uploads\/2017\/05\/team_header_michael_q_3-355x355.jpg 355w\" sizes=\"auto, (max-width: 425px) 100vw, 425px\" \/><img loading=\"lazy\" decoding=\"async\" width=\"425\" height=\"425\" src=\"https:\/\/leipziger-blechbude.de\/content\/wp-content\/uploads\/2017\/05\/team_header_michael_q_4.jpg\" class=\"slider-143725 slide-144023 msDefaultImage\" alt=\"\" data-caption=\"\" data-thumb=\"\" title=\"\" rel=\"\" srcset=\"https:\/\/leipziger-blechbude.de\/content\/wp-content\/uploads\/2017\/05\/team_header_michael_q_4.jpg 425w, https:\/\/leipziger-blechbude.de\/content\/wp-content\/uploads\/2017\/05\/team_header_michael_q_4-150x150.jpg 150w, https:\/\/leipziger-blechbude.de\/content\/wp-content\/uploads\/2017\/05\/team_header_michael_q_4-300x300.jpg 300w, https:\/\/leipziger-blechbude.de\/content\/wp-content\/uploads\/2017\/05\/team_header_michael_q_4-355x355.jpg 355w\" sizes=\"auto, (max-width: 425px) 100vw, 425px\" \/><img loading=\"lazy\" decoding=\"async\" width=\"425\" height=\"425\" src=\"https:\/\/leipziger-blechbude.de\/content\/wp-content\/uploads\/2017\/05\/team_header_michael_q_5.jpg\" class=\"slider-143725 slide-144024 msDefaultImage\" alt=\"\" data-caption=\"\" data-thumb=\"\" title=\"\" rel=\"\" srcset=\"https:\/\/leipziger-blechbude.de\/content\/wp-content\/uploads\/2017\/05\/team_header_michael_q_5.jpg 425w, https:\/\/leipziger-blechbude.de\/content\/wp-content\/uploads\/2017\/05\/team_header_michael_q_5-150x150.jpg 150w, https:\/\/leipziger-blechbude.de\/content\/wp-content\/uploads\/2017\/05\/team_header_michael_q_5-300x300.jpg 300w, https:\/\/leipziger-blechbude.de\/content\/wp-content\/uploads\/2017\/05\/team_header_michael_q_5-355x355.jpg 355w\" sizes=\"auto, (max-width: 425px) 100vw, 425px\" \/><img loading=\"lazy\" decoding=\"async\" width=\"425\" height=\"425\" src=\"https:\/\/leipziger-blechbude.de\/content\/wp-content\/uploads\/2017\/05\/team_header_michael_q_6.jpg\" class=\"slider-143725 slide-144025 msDefaultImage\" alt=\"\" data-caption=\"\" data-thumb=\"\" title=\"\" rel=\"\" srcset=\"https:\/\/leipziger-blechbude.de\/content\/wp-content\/uploads\/2017\/05\/team_header_michael_q_6.jpg 425w, https:\/\/leipziger-blechbude.de\/content\/wp-content\/uploads\/2017\/05\/team_header_michael_q_6-150x150.jpg 150w, https:\/\/leipziger-blechbude.de\/content\/wp-content\/uploads\/2017\/05\/team_header_michael_q_6-300x300.jpg 300w, https:\/\/leipziger-blechbude.de\/content\/wp-content\/uploads\/2017\/05\/team_header_michael_q_6-355x355.jpg 355w\" sizes=\"auto, (max-width: 425px) 100vw, 425px\" \/><img loading=\"lazy\" decoding=\"async\" width=\"425\" height=\"425\" src=\"https:\/\/leipziger-blechbude.de\/content\/wp-content\/uploads\/2017\/05\/team_header_michael_q_7.jpg\" class=\"slider-143725 slide-144026 msDefaultImage\" alt=\"\" data-caption=\"\" data-thumb=\"\" title=\"\" rel=\"\" srcset=\"https:\/\/leipziger-blechbude.de\/content\/wp-content\/uploads\/2017\/05\/team_header_michael_q_7.jpg 425w, https:\/\/leipziger-blechbude.de\/content\/wp-content\/uploads\/2017\/05\/team_header_michael_q_7-150x150.jpg 150w, https:\/\/leipziger-blechbude.de\/content\/wp-content\/uploads\/2017\/05\/team_header_michael_q_7-300x300.jpg 300w, https:\/\/leipziger-blechbude.de\/content\/wp-content\/uploads\/2017\/05\/team_header_michael_q_7-355x355.jpg 355w\" sizes=\"auto, (max-width: 425px) 100vw, 425px\" \/><img loading=\"lazy\" decoding=\"async\" width=\"425\" height=\"425\" src=\"https:\/\/leipziger-blechbude.de\/content\/wp-content\/uploads\/2017\/05\/team_header_michael_q_8.jpg\" class=\"slider-143725 slide-144027 msDefaultImage\" alt=\"\" data-caption=\"\" data-thumb=\"\" title=\"\" rel=\"\" srcset=\"https:\/\/leipziger-blechbude.de\/content\/wp-content\/uploads\/2017\/05\/team_header_michael_q_8.jpg 425w, https:\/\/leipziger-blechbude.de\/content\/wp-content\/uploads\/2017\/05\/team_header_michael_q_8-150x150.jpg 150w, https:\/\/leipziger-blechbude.de\/content\/wp-content\/uploads\/2017\/05\/team_header_michael_q_8-300x300.jpg 300w, https:\/\/leipziger-blechbude.de\/content\/wp-content\/uploads\/2017\/05\/team_header_michael_q_8-355x355.jpg 355w\" sizes=\"auto, (max-width: 425px) 100vw, 425px\" \/><img loading=\"lazy\" decoding=\"async\" width=\"425\" height=\"425\" src=\"https:\/\/leipziger-blechbude.de\/content\/wp-content\/uploads\/2017\/05\/team_header_michael_q_9.jpg\" class=\"slider-143725 slide-144028 msDefaultImage\" alt=\"\" data-caption=\"\" data-thumb=\"\" title=\"\" rel=\"\" srcset=\"https:\/\/leipziger-blechbude.de\/content\/wp-content\/uploads\/2017\/05\/team_header_michael_q_9.jpg 425w, https:\/\/leipziger-blechbude.de\/content\/wp-content\/uploads\/2017\/05\/team_header_michael_q_9-150x150.jpg 150w, https:\/\/leipziger-blechbude.de\/content\/wp-content\/uploads\/2017\/05\/team_header_michael_q_9-300x300.jpg 300w, https:\/\/leipziger-blechbude.de\/content\/wp-content\/uploads\/2017\/05\/team_header_michael_q_9-355x355.jpg 355w\" sizes=\"auto, (max-width: 425px) 100vw, 425px\" \/><\/div><\/div>\n        \n    <\/div>\n<\/div><\/p>\n<div class=\"white-box\">\n<h2 style=\"text-align: center;\">Michael Peuker<\/h2>\n<\/div>\n<p>Die vielseitigen Erfahrungen in Orchester- Solo- und Kammermusik des Diplom- Posaunisten Michael Peuker geben seinem Unterricht einen praxisnahen Schwer\u00adpunkt. So profitieren seine Sch\u00fcler von wichtigen Kenntnissen, die er beispiels\u00adweise mit Kammer\u00admusik im Gewandhaus- Posaunen\u00adquartett \u201eOpus 4\u201c oder dem \u201eSonus Posaunenquartett\u201c des Theaters Gera- Altenburg erworben hat. Orchester\u00aderfahrungen machte Michael Peuker als Substitut in der \u201eS\u00e4chsischen Staatskapelle Dresden\u201c, als Praktikant beim \u201ePhilharmonischen Staatsorchester Halle\u201c, als stellvertretender Solo\u00adposaunist bei den \u201eBrandenburger Symphonikern\u201c, in der \u201eKomischen Oper\u201c Berlin oder den \u201eD\u00fcsseldorfer Symphonikern\u201c&#8230;.<\/p>\n<div style=\"text-align: center;\"><a class=\"standard-btn yellow-btn\" href=\"https:\/\/leipziger-blechbude.de\/content\/team\/michael-peuker\/\"><span>Weiterlesen<\/span><\/a><\/div>\n<\/div>\n<div class=\"divider\"><\/div>\n","protected":false},"excerpt":{"rendered":"","protected":false},"author":1,"featured_media":0,"parent":0,"menu_order":8,"comment_status":"closed","ping_status":"closed","template":"page-templates\/full-width.php","meta":{"jetpack_post_was_ever_published":false,"footnotes":""},"class_list":["post-143470","page","type-page","status-publish","hentry"],"jetpack_shortlink":"https:\/\/wp.me\/P2KXId-Bk2","jetpack_sharing_enabled":true,"_links":{"self":[{"href":"https:\/\/leipziger-blechbude.de\/content\/wp-json\/wp\/v2\/pages\/143470","targetHints":{"allow":["GET"]}}],"collection":[{"href":"https:\/\/leipziger-blechbude.de\/content\/wp-json\/wp\/v2\/pages"}],"about":[{"href":"https:\/\/leipziger-blechbude.de\/content\/wp-json\/wp\/v2\/types\/page"}],"author":[{"embeddable":true,"href":"https:\/\/leipziger-blechbude.de\/content\/wp-json\/wp\/v2\/users\/1"}],"replies":[{"embeddable":true,"href":"https:\/\/leipziger-blechbude.de\/content\/wp-json\/wp\/v2\/comments?post=143470"}],"version-history":[{"count":13,"href":"https:\/\/leipziger-blechbude.de\/content\/wp-json\/wp\/v2\/pages\/143470\/revisions"}],"predecessor-version":[{"id":890039,"href":"https:\/\/leipziger-blechbude.de\/content\/wp-json\/wp\/v2\/pages\/143470\/revisions\/890039"}],"wp:attachment":[{"href":"https:\/\/leipziger-blechbude.de\/content\/wp-json\/wp\/v2\/media?parent=143470"}],"curies":[{"name":"wp","href":"https:\/\/api.w.org\/{rel}","templated":true}]}}