{"id":143481,"date":"2017-05-11T20:06:25","date_gmt":"2017-05-11T19:06:25","guid":{"rendered":"http:\/\/leipziger-blechbude.de\/content\/?page_id=143481"},"modified":"2024-03-04T16:14:07","modified_gmt":"2024-03-04T15:14:07","slug":"annegret-gneuss","status":"publish","type":"page","link":"https:\/\/leipziger-blechbude.de\/content\/team\/annegret-gneuss\/","title":{"rendered":"Annegret Peuker"},"content":{"rendered":"<p><img loading=\"lazy\" decoding=\"async\" class=\"alignleft size-full wp-image-144721\" src=\"https:\/\/leipziger-blechbude.de\/content\/wp-content\/uploads\/2017\/05\/collage_annegret.jpg\" alt=\"\" width=\"600\" height=\"600\" srcset=\"https:\/\/leipziger-blechbude.de\/content\/wp-content\/uploads\/2017\/05\/collage_annegret.jpg 600w, https:\/\/leipziger-blechbude.de\/content\/wp-content\/uploads\/2017\/05\/collage_annegret-150x150.jpg 150w, https:\/\/leipziger-blechbude.de\/content\/wp-content\/uploads\/2017\/05\/collage_annegret-300x300.jpg 300w\" sizes=\"auto, (max-width: 600px) 100vw, 600px\" \/><\/p>\n<p><strong>Diplom Musikp\u00e4dagogin<\/strong><br \/>\n<strong> Diplom Orchestermusikerin<\/strong><\/p>\n<p>Hier, bei den Musikm\u00e4usen, finden unsere Kleinsten spielerisch ihre ersten Kontakte mit der bunten Welt der Musik. Die allen Kindern angeborene Musikalit\u00e4t wird ohne Leistungserwartungen durch Singen, Musizieren, Bewegen und Lauschen erweitert und f\u00f6rdert somit die ganz\u00adheitliche Entwicklung.<br \/>\n\u00dcber die Blockfl\u00f6te werden die Kinder bei Frau Peuker in die Geheimnisse der Blas\u00adinstrumente eingeweiht, um dann im passenden Alter selbst zu entscheiden, die Reise mit Horn, Posaune oder Trompete fortzusetzen.<br \/>\nIhr Studium absolvierte Annegret Peuker an den Hochschulen Dresden, K\u00f6ln und Berlin. Nach der Akademiezeit beim \u201eSymphonieorchester des Bayerischen Rundfunks\u201c folgte das Aufbaustudium in Leipzig. Der Auslandsaufenthalt in Spanien, wo sie an der Oper in Valencia angestellt war, rundete ihre reichhaltige Orchestererfahrung wie zum Beispiel bei den \u201eKapellsolisten Dresden\u201c, der \u201eS\u00e4chsischen Bl\u00e4serphilharmonie\u201c oder den \u201eHofer Symphonikern\u201c musikalisch ab. P\u00e4dagogische Arbeit wurde dabei sowohl in Spanien, als auch in Deutschland immer gro\u00df geschrieben. Als Beispiel sei hierf\u00fcr die orchestereigene Musikschule der \u201eHofer Symphoniker\u201c genannt.<\/p>\n<p>Bei der Orchesterreise der \u201eS\u00e4chsischen Bl\u00e4serphilharmonie\u201c im Mai 2012 unterrichtete sie in Caracas\/Venezuela in den \u201eNucleos\u201c \u2013 Musikschulen des \u201eEl Sistema\u201c \u2013 Jedem Kind sein Instrument \u2013 unabh\u00e4ngig der sozialen Herkunft!<br \/>\nHier entstand auch der Wunsch, die Kinder vom S\u00e4uglingsalter, in der Schulzeit und dar\u00fcber hinaus musikalisch zu begleiten.<\/p>\n<div class=\"three-columns-one\">\n<div style=\"text-align: center;\"><a class=\"standard-btn yellow-btn\" href=\"https:\/\/leipziger-blechbude.de\/content\/team\/annegret-mueller\/\"><span>Annegret Stolz<\/span><\/a><\/div>\n<\/div>\n<div class=\"three-columns-one\">\n<div style=\"text-align: center;\"><a class=\"standard-btn yellow-btn\" href=\"https:\/\/leipziger-blechbude.de\/content\/team\/christian-scholz\/\"><span>Christian Scholz<\/span><\/a><\/div>\n<\/div>\n<div class=\"three-columns-one last\">\n<div style=\"text-align: center;\"><a class=\"standard-btn yellow-btn\" href=\"https:\/\/leipziger-blechbude.de\/content\/team\/michael-peuker\/\"><span>Michael Peuker<\/span><\/a><\/div>\n<\/div>\n<div class=\"divider\"><\/div>\n","protected":false},"excerpt":{"rendered":"<p>Diplom Musikp\u00e4dagogin Diplom Orchestermusikerin Hier, bei den Musikm\u00e4usen, finden unsere Kleinsten spielerisch ihre ersten Kontakte mit der bunten Welt der Musik. Die allen Kindern angeborene Musikalit\u00e4t wird ohne Leistungserwartungen durch Singen, Musizieren, Bewegen und Lauschen erweitert und f\u00f6rdert somit die ganz\u00adheitliche Entwicklung. \u00dcber die Blockfl\u00f6te werden &hellip; <\/p>\n<p><a href=\"https:\/\/leipziger-blechbude.de\/content\/team\/annegret-gneuss\/\" class=\"more-link\"><span class=\"morelink-icon\">Weiterlesen<\/span><\/a><\/p>\n","protected":false},"author":1,"featured_media":0,"parent":143470,"menu_order":0,"comment_status":"closed","ping_status":"closed","template":"page-templates\/full-width.php","meta":{"jetpack_post_was_ever_published":false,"footnotes":""},"class_list":["post-143481","page","type-page","status-publish","hentry"],"jetpack_shortlink":"https:\/\/wp.me\/P2KXId-Bkd","jetpack_sharing_enabled":true,"_links":{"self":[{"href":"https:\/\/leipziger-blechbude.de\/content\/wp-json\/wp\/v2\/pages\/143481","targetHints":{"allow":["GET"]}}],"collection":[{"href":"https:\/\/leipziger-blechbude.de\/content\/wp-json\/wp\/v2\/pages"}],"about":[{"href":"https:\/\/leipziger-blechbude.de\/content\/wp-json\/wp\/v2\/types\/page"}],"author":[{"embeddable":true,"href":"https:\/\/leipziger-blechbude.de\/content\/wp-json\/wp\/v2\/users\/1"}],"replies":[{"embeddable":true,"href":"https:\/\/leipziger-blechbude.de\/content\/wp-json\/wp\/v2\/comments?post=143481"}],"version-history":[{"count":7,"href":"https:\/\/leipziger-blechbude.de\/content\/wp-json\/wp\/v2\/pages\/143481\/revisions"}],"predecessor-version":[{"id":890052,"href":"https:\/\/leipziger-blechbude.de\/content\/wp-json\/wp\/v2\/pages\/143481\/revisions\/890052"}],"up":[{"embeddable":true,"href":"https:\/\/leipziger-blechbude.de\/content\/wp-json\/wp\/v2\/pages\/143470"}],"wp:attachment":[{"href":"https:\/\/leipziger-blechbude.de\/content\/wp-json\/wp\/v2\/media?parent=143481"}],"curies":[{"name":"wp","href":"https:\/\/api.w.org\/{rel}","templated":true}]}}