{"id":143494,"date":"2017-05-11T20:08:09","date_gmt":"2017-05-11T19:08:09","guid":{"rendered":"http:\/\/leipziger-blechbude.de\/content\/?page_id=143494"},"modified":"2020-01-02T22:32:18","modified_gmt":"2020-01-02T21:32:18","slug":"christian-scholz","status":"publish","type":"page","link":"https:\/\/leipziger-blechbude.de\/content\/team\/christian-scholz\/","title":{"rendered":"Christian Scholz"},"content":{"rendered":"<p><img loading=\"lazy\" decoding=\"async\" class=\"alignleft size-full wp-image-144725\" src=\"https:\/\/leipziger-blechbude.de\/content\/wp-content\/uploads\/2017\/05\/collage_christian.jpg\" alt=\"\" width=\"600\" height=\"600\" srcset=\"https:\/\/leipziger-blechbude.de\/content\/wp-content\/uploads\/2017\/05\/collage_christian.jpg 600w, https:\/\/leipziger-blechbude.de\/content\/wp-content\/uploads\/2017\/05\/collage_christian-150x150.jpg 150w, https:\/\/leipziger-blechbude.de\/content\/wp-content\/uploads\/2017\/05\/collage_christian-300x300.jpg 300w\" sizes=\"auto, (max-width: 600px) 100vw, 600px\" \/><\/p>\n<p><strong>Diplom Musikp\u00e4dagoge<\/strong><br \/>\n<strong>Diplom Orchestermusiker<\/strong><\/p>\n<p>Christian ist seit Beginn seiner musikalischen Laufbahn vielf\u00e4ltig in der Arbeit mit Kindern und Jugendlichen t\u00e4tig.<\/p>\n<p>Bereits in seiner eigenen Ausbildung im Jugendblasorchester und der Musikschule in Bautzen unterrichtete er Blechbl\u00e4ser und probte musikalische Programme in Gruppen So kam er mit der vielf\u00e4ltigen Musikkultur seiner Heimat in Ber\u00fchrung und nahm auch am \u201eBlue Lake Fine Arts Camp\u201c in Michigan\/USA teil. Diese Begeisterung setze sich im Studium an der Hochschule f\u00fcr Musik &amp; Theater in Leipzig fort. Das Studium der klassischen Musik gab sich immer die Hand mit den p\u00e4dagogischen Inhalten des Musizierens sowie der Improvisation und der Jazz- &amp; Pop-Musik. Auch in seiner professionellen Ausbildung widmete sich Christian immer dem Unterrichten aller Altersgruppen. So f\u00fchrte ihn recht schnell der Weg als P\u00e4dagoge in vielf\u00e4ltige Projekte und Institutionen, so zum Beispiel \u201eJugendbrass Leipzig e.V.\u201c, die Musikinitiative des Evangelischen Schulzentrums und das Konservatorium \u201eGeorg-Friedrich H\u00e4ndel\u201c Halle\/Saale.<\/p>\n<p>Nach intensiven Erfahrungen in der musikalischen Ausbildung ist Christian derzeit auch an der Musikschule \u201eJohann Sebastian Bach\u201c Leipzig als Lehrer t\u00e4tig, und gibt nun auch bei uns in der \u201eBlechbude\u201c als Lehrer f\u00fcr Trompete seine Leidenschaft f\u00fcr die Musik an junge Musiker weiter. Dabei ist das praktische Musizieren auf der B\u00fchne immer Teil seines Unterrichts. Die Inspirationen daf\u00fcr bekommt Christian durch seine regelm\u00e4\u00dfigen Auftritte mit dem Blechbl\u00e4serquintett \u201eemBRASSment\u201c und durch zahlreiche Konzerte mit Orchestern wie dem Leipziger Symphonieorchester, der S\u00e4chsischen Bl\u00e4serphilharmonie und der Robert-Schumann-Philharmonie Chemnitz.<\/p>\n<div class=\"three-columns-one\">\n<div style=\"text-align: center;\"><a class=\"standard-btn yellow-btn\" href=\"https:\/\/leipziger-blechbude.de\/content\/team\/annegret-gneuss\/\"><span>Annegret Peuker<\/span><\/a><\/div>\n<\/div>\n<div class=\"three-columns-one\">\n<div style=\"text-align: center;\"><a class=\"standard-btn yellow-btn\" href=\"https:\/\/leipziger-blechbude.de\/content\/team\/annegret-mueller\/\"><span>Annegret Stolz<\/span><\/a><\/div>\n<\/div>\n<div class=\"three-columns-one last\">\n<div style=\"text-align: center;\"><a class=\"standard-btn yellow-btn\" href=\"https:\/\/leipziger-blechbude.de\/content\/team\/michael-peuker\/\"><span>Michael Peuker<\/span><\/a><\/div>\n<\/div>\n<div class=\"divider\"><\/div>\n","protected":false},"excerpt":{"rendered":"<p>Diplom Musikp\u00e4dagoge Diplom Orchestermusiker Christian ist seit Beginn seiner musikalischen Laufbahn vielf\u00e4ltig in der Arbeit mit Kindern und Jugendlichen t\u00e4tig. Bereits in seiner eigenen Ausbildung im Jugendblasorchester und der Musikschule in Bautzen unterrichtete er Blechbl\u00e4ser und probte musikalische Programme in Gruppen So kam er mit der &hellip; <\/p>\n<p><a href=\"https:\/\/leipziger-blechbude.de\/content\/team\/christian-scholz\/\" class=\"more-link\"><span class=\"morelink-icon\">Weiterlesen<\/span><\/a><\/p>\n","protected":false},"author":1,"featured_media":0,"parent":143470,"menu_order":0,"comment_status":"closed","ping_status":"closed","template":"page-templates\/full-width.php","meta":{"jetpack_post_was_ever_published":false,"footnotes":""},"class_list":["post-143494","page","type-page","status-publish","hentry"],"jetpack_shortlink":"https:\/\/wp.me\/P2KXId-Bkq","jetpack_sharing_enabled":true,"_links":{"self":[{"href":"https:\/\/leipziger-blechbude.de\/content\/wp-json\/wp\/v2\/pages\/143494","targetHints":{"allow":["GET"]}}],"collection":[{"href":"https:\/\/leipziger-blechbude.de\/content\/wp-json\/wp\/v2\/pages"}],"about":[{"href":"https:\/\/leipziger-blechbude.de\/content\/wp-json\/wp\/v2\/types\/page"}],"author":[{"embeddable":true,"href":"https:\/\/leipziger-blechbude.de\/content\/wp-json\/wp\/v2\/users\/1"}],"replies":[{"embeddable":true,"href":"https:\/\/leipziger-blechbude.de\/content\/wp-json\/wp\/v2\/comments?post=143494"}],"version-history":[{"count":7,"href":"https:\/\/leipziger-blechbude.de\/content\/wp-json\/wp\/v2\/pages\/143494\/revisions"}],"predecessor-version":[{"id":428125,"href":"https:\/\/leipziger-blechbude.de\/content\/wp-json\/wp\/v2\/pages\/143494\/revisions\/428125"}],"up":[{"embeddable":true,"href":"https:\/\/leipziger-blechbude.de\/content\/wp-json\/wp\/v2\/pages\/143470"}],"wp:attachment":[{"href":"https:\/\/leipziger-blechbude.de\/content\/wp-json\/wp\/v2\/media?parent=143494"}],"curies":[{"name":"wp","href":"https:\/\/api.w.org\/{rel}","templated":true}]}}