{"id":143499,"date":"2017-05-11T20:08:46","date_gmt":"2017-05-11T19:08:46","guid":{"rendered":"http:\/\/leipziger-blechbude.de\/content\/?page_id=143499"},"modified":"2020-01-02T22:30:46","modified_gmt":"2020-01-02T21:30:46","slug":"michael-peuker","status":"publish","type":"page","link":"https:\/\/leipziger-blechbude.de\/content\/team\/michael-peuker\/","title":{"rendered":"Michael Peuker"},"content":{"rendered":"<p><img loading=\"lazy\" decoding=\"async\" class=\"alignleft size-full wp-image-144727\" src=\"https:\/\/leipziger-blechbude.de\/content\/wp-content\/uploads\/2017\/05\/collage_michael.jpg\" alt=\"\" width=\"600\" height=\"600\" srcset=\"https:\/\/leipziger-blechbude.de\/content\/wp-content\/uploads\/2017\/05\/collage_michael.jpg 600w, https:\/\/leipziger-blechbude.de\/content\/wp-content\/uploads\/2017\/05\/collage_michael-150x150.jpg 150w, https:\/\/leipziger-blechbude.de\/content\/wp-content\/uploads\/2017\/05\/collage_michael-300x300.jpg 300w\" sizes=\"auto, (max-width: 600px) 100vw, 600px\" \/><\/p>\n<p><strong>Diplom Orchestermusiker<\/strong><\/p>\n<p>Die vielseitigen Erfahrungen in Orchester- Solo- und Kammermusik des Diplom- Posaunisten Michael Peuker geben seinem Unterricht einen praxisnahen Schwer\u00adpunkt. So profitieren seine Sch\u00fcler von wichtigen Kenntnissen, die er beispiels\u00adweise mit Kammer\u00admusik im Gewandhaus- Posaunen\u00adquartett \u201eOpus 4\u201c oder dem \u201eSonus Posaunenquartett\u201c des Theaters Gera- Altenburg erworben hat. Orchester\u00aderfahrungen machte Michael Peuker als Substitut in der \u201eS\u00e4chsischen Staatskapelle Dresden\u201c, als Praktikant beim \u201ePhilharmonischen Staatsorchester Halle\u201c, als stellvertretender Solo\u00adposaunist bei den \u201eBrandenburger Symphonikern\u201c, in der \u201eKomischen Oper\u201c Berlin oder den \u201eD\u00fcsseldorfer Symphonikern\u201c. Seit 2016 ist Michael stellvertretender Soloposaunist in der S\u00e4chsischen Bl\u00e4serphilharmonie.<\/p>\n<p>Da er als Sch\u00fcler in der Nachwuchsf\u00f6rderklasse der Hochschule f\u00fcr Musik und Theater \u201eFelix-Mendelssohn-Bartholdy\u201c, und als Student weiterf\u00fchrend seine Ausbildung in Leipzig bei dem Soloposaunisten des \u201eGewandhauses zu Leipzig\u201c J\u00f6rg Richter absolviert hat, liegt ihm die p\u00e4dagogische Arbeit in seiner Heimatstadt besonders am Herzen.<\/p>\n<p>Als Motivation wird unseren kleinen Posaunistinnen und Posaunisten der Einstieg vereinfacht, indem sie auf der kindgerechten, leichteren \u201eP bone\u201c, der Plastikposaune, ihre ersten Unterrichts\u00adstunden bekommen, bevor sie dann zu der \u201erichtigen\u201c Posaune aus Metall wechseln d\u00fcrfen.<\/p>\n<div class=\"three-columns-one\">\n<div style=\"text-align: center;\"><a class=\"standard-btn yellow-btn\" href=\"https:\/\/leipziger-blechbude.de\/content\/team\/annegret-gneuss\/\"><span>Annegret Peuker<\/span><\/a><\/div>\n<\/div>\n<div class=\"three-columns-one\">\n<div style=\"text-align: center;\"><a class=\"standard-btn yellow-btn\" href=\"https:\/\/leipziger-blechbude.de\/content\/team\/annegret-mueller\/\"><span>Annegret Stolz<\/span><\/a><\/div>\n<\/div>\n<div class=\"three-columns-one last\">\n<div style=\"text-align: center;\"><a class=\"standard-btn yellow-btn\" href=\"https:\/\/leipziger-blechbude.de\/content\/team\/christian-scholz\/\"><span>Christian Scholz<\/span><\/a><\/div>\n<\/div>\n<div class=\"divider\"><\/div>\n","protected":false},"excerpt":{"rendered":"<p>Diplom Orchestermusiker Die vielseitigen Erfahrungen in Orchester- Solo- und Kammermusik des Diplom- Posaunisten Michael Peuker geben seinem Unterricht einen praxisnahen Schwer\u00adpunkt. So profitieren seine Sch\u00fcler von wichtigen Kenntnissen, die er beispiels\u00adweise mit Kammer\u00admusik im Gewandhaus- Posaunen\u00adquartett \u201eOpus 4\u201c oder dem \u201eSonus Posaunenquartett\u201c des Theaters Gera- Altenburg &hellip; <\/p>\n<p><a href=\"https:\/\/leipziger-blechbude.de\/content\/team\/michael-peuker\/\" class=\"more-link\"><span class=\"morelink-icon\">Weiterlesen<\/span><\/a><\/p>\n","protected":false},"author":1,"featured_media":0,"parent":143470,"menu_order":0,"comment_status":"closed","ping_status":"closed","template":"page-templates\/full-width.php","meta":{"jetpack_post_was_ever_published":false,"footnotes":""},"class_list":["post-143499","page","type-page","status-publish","hentry"],"jetpack_shortlink":"https:\/\/wp.me\/P2KXId-Bkv","jetpack_sharing_enabled":true,"_links":{"self":[{"href":"https:\/\/leipziger-blechbude.de\/content\/wp-json\/wp\/v2\/pages\/143499","targetHints":{"allow":["GET"]}}],"collection":[{"href":"https:\/\/leipziger-blechbude.de\/content\/wp-json\/wp\/v2\/pages"}],"about":[{"href":"https:\/\/leipziger-blechbude.de\/content\/wp-json\/wp\/v2\/types\/page"}],"author":[{"embeddable":true,"href":"https:\/\/leipziger-blechbude.de\/content\/wp-json\/wp\/v2\/users\/1"}],"replies":[{"embeddable":true,"href":"https:\/\/leipziger-blechbude.de\/content\/wp-json\/wp\/v2\/comments?post=143499"}],"version-history":[{"count":6,"href":"https:\/\/leipziger-blechbude.de\/content\/wp-json\/wp\/v2\/pages\/143499\/revisions"}],"predecessor-version":[{"id":428067,"href":"https:\/\/leipziger-blechbude.de\/content\/wp-json\/wp\/v2\/pages\/143499\/revisions\/428067"}],"up":[{"embeddable":true,"href":"https:\/\/leipziger-blechbude.de\/content\/wp-json\/wp\/v2\/pages\/143470"}],"wp:attachment":[{"href":"https:\/\/leipziger-blechbude.de\/content\/wp-json\/wp\/v2\/media?parent=143499"}],"curies":[{"name":"wp","href":"https:\/\/api.w.org\/{rel}","templated":true}]}}