{"id":19,"date":"2012-09-13T20:52:20","date_gmt":"2012-09-13T18:52:20","guid":{"rendered":"http:\/\/leipziger-blechbude.de\/content\/?page_id=19"},"modified":"2017-05-13T12:47:14","modified_gmt":"2017-05-13T11:47:14","slug":"instrumentalkurse","status":"publish","type":"page","link":"https:\/\/leipziger-blechbude.de\/content\/angebote\/instrumentalkurse\/","title":{"rendered":"Instrumentalkurse"},"content":{"rendered":"<p>Unser Instrumentalunterricht bietet f\u00fcr jeden eine individuelle Ausbildung an. So ist es unser wichtigstes Ziel, die Ideen, Fragen, W\u00fcnsche, Ziele, Anspr\u00fcche und nicht zuletzt das ganz pers\u00f6nliche Entwicklungstempo eines jeden Einzelnen zu ber\u00fccksichtigen.<\/p>\n<p>Die Blockfl\u00f6te bietet eine wunderbare Basis beim Erlernen eines Instrumentes. Also kann damit schon im Vorschulalter begonnen werden. Spielerisch eignen sich die Kinder alle n\u00f6tigen musikalischen Voraussetzungen an, musizieren in kleinen Gruppen, singen, tanzen und malen.<\/p>\n<p>Weiter geht es bei uns mit Posaune, Horn oder Trompete. Auch hier widmen sich unsere Lehrer jedem einzelnen Sch\u00fcler ganz pers\u00f6nlich. Jeder bekommt den Unterricht und die Schnelligkeit des Erlernens auf sich abgestimmt, sodass eine ganz nat\u00fcrliche Entwicklung entsteht.<br \/>\nZum Ziel setzen wir uns, die Sch\u00fcler in unterschiedlichen Ensembles musizieren zu lassen, damit neben dem musikalischen Gedanken auch die soziale Komponente \u201ege\u00fcbt\u201c wird.<br \/>\nNat\u00fcrlich bieten unsere beiden \u201eHighlights\u201c des Jahres, das gro\u00dfe Sommerkonzert und -fest und das Adventskonzert, den n\u00f6tigen \u00f6ffentlichen Rahmen, um das Erlernte zu pr\u00e4sentieren.<\/p>\n<p>F\u00fcr viele Kinder stellt das Jugendblasorchester \u201ePfiffige Musikusse\u201c ein begehrtes Ziel dar. Das Orchester wird von Michael Peuker musikalisch geleitet und bietet neben Posaune, Trompete und Horn sogar den Blockfl\u00f6ten die Teilnahme an.<\/p>\n<div style=\"text-align: center;\">\n<a class=\"standard-btn yellow-btn\" href=\"https:\/\/leipziger-blechbude.de\/content\/angebote\/preisliste\/\"><span>Preisliste<\/span><\/a><a class=\"standard-btn yellow-btn\" href=\"https:\/\/leipziger-blechbude.de\/content\/angebote#stundenplan\"><span>Wann ist was<\/span><\/a>\n<\/div>\n","protected":false},"excerpt":{"rendered":"<p>Unser Instrumentalunterricht bietet f\u00fcr jeden eine individuelle Ausbildung an. So ist es unser wichtigstes Ziel, die Ideen, Fragen, W\u00fcnsche, Ziele, Anspr\u00fcche und nicht zuletzt das ganz pers\u00f6nliche Entwicklungstempo eines jeden Einzelnen zu ber\u00fccksichtigen. Die Blockfl\u00f6te bietet eine wunderbare Basis beim Erlernen eines Instrumentes. Also kann damit &hellip; <\/p>\n<p><a href=\"https:\/\/leipziger-blechbude.de\/content\/angebote\/instrumentalkurse\/\" class=\"more-link\"><span class=\"morelink-icon\">Weiterlesen<\/span><\/a><\/p>\n","protected":false},"author":1,"featured_media":0,"parent":143504,"menu_order":1,"comment_status":"closed","ping_status":"closed","template":"page-templates\/full-width.php","meta":{"jetpack_post_was_ever_published":false,"footnotes":""},"class_list":["post-19","page","type-page","status-publish","hentry"],"jetpack_shortlink":"https:\/\/wp.me\/P2KXId-j","jetpack_sharing_enabled":true,"_links":{"self":[{"href":"https:\/\/leipziger-blechbude.de\/content\/wp-json\/wp\/v2\/pages\/19","targetHints":{"allow":["GET"]}}],"collection":[{"href":"https:\/\/leipziger-blechbude.de\/content\/wp-json\/wp\/v2\/pages"}],"about":[{"href":"https:\/\/leipziger-blechbude.de\/content\/wp-json\/wp\/v2\/types\/page"}],"author":[{"embeddable":true,"href":"https:\/\/leipziger-blechbude.de\/content\/wp-json\/wp\/v2\/users\/1"}],"replies":[{"embeddable":true,"href":"https:\/\/leipziger-blechbude.de\/content\/wp-json\/wp\/v2\/comments?post=19"}],"version-history":[{"count":30,"href":"https:\/\/leipziger-blechbude.de\/content\/wp-json\/wp\/v2\/pages\/19\/revisions"}],"predecessor-version":[{"id":144877,"href":"https:\/\/leipziger-blechbude.de\/content\/wp-json\/wp\/v2\/pages\/19\/revisions\/144877"}],"up":[{"embeddable":true,"href":"https:\/\/leipziger-blechbude.de\/content\/wp-json\/wp\/v2\/pages\/143504"}],"wp:attachment":[{"href":"https:\/\/leipziger-blechbude.de\/content\/wp-json\/wp\/v2\/media?parent=19"}],"curies":[{"name":"wp","href":"https:\/\/api.w.org\/{rel}","templated":true}]}}