{"id":21,"date":"2012-09-13T20:52:54","date_gmt":"2012-09-13T18:52:54","guid":{"rendered":"http:\/\/leipziger-blechbude.de\/content\/?page_id=21"},"modified":"2024-03-04T18:27:26","modified_gmt":"2024-03-04T17:27:26","slug":"musikmause","status":"publish","type":"page","link":"https:\/\/leipziger-blechbude.de\/content\/angebote\/musikmause\/","title":{"rendered":"Leipziger Musikm\u00e4use"},"content":{"rendered":"<p><img loading=\"lazy\" decoding=\"async\" src=\"https:\/\/leipziger-blechbude.de\/content\/wp-content\/uploads\/2024\/03\/musikmaeuse-1024x244.jpeg\" alt=\"\" style=\"display: block;margin: auto;width: 100%;\" width=\"960\" height=\"229\" margin=\"auto\" class=\"size-full wp-image-890087\" srcset=\"https:\/\/leipziger-blechbude.de\/content\/wp-content\/uploads\/2024\/03\/musikmaeuse-1024x244.jpeg 1024w, https:\/\/leipziger-blechbude.de\/content\/wp-content\/uploads\/2024\/03\/musikmaeuse-300x71.jpeg 300w, https:\/\/leipziger-blechbude.de\/content\/wp-content\/uploads\/2024\/03\/musikmaeuse-768x183.jpeg 768w, https:\/\/leipziger-blechbude.de\/content\/wp-content\/uploads\/2024\/03\/musikmaeuse-1536x366.jpeg 1536w, https:\/\/leipziger-blechbude.de\/content\/wp-content\/uploads\/2024\/03\/musikmaeuse.jpeg 1600w\" sizes=\"auto, (max-width: 960px) 100vw, 960px\" \/><\/p>\n<p><\/p>\n<p><strong>Gemeinsam musizieren &#8211; von Anfang an!<\/strong><br \/>\nHier werden unsere Kleinsten gemeinsam mit ihren Mamas und Papas spielerisch an die Musik herangef\u00fchrt. Ohne Leistungserwartung sollen die Kinder die Gelegenheit bekommen, Musik aufzunehmen und selbst zu gestalten. So wird, entsprechend von Langzeitstudien, der positive Einfluss von musikalischer F\u00f6rderung auf die ganzheitliche Entwicklung des Kindes genutzt. Vom S\u00e4ugling bis zum 5. Lebensjahr begleiten wir die Kinder altersentsprechend.<\/p>\n<div class=\"divider\"><\/div>\n<p><img decoding=\"async\" src=\"https:\/\/leipziger-blechbude.de\/content\/wp-content\/uploads\/2012\/09\/ang_musikgarten_1.jpg\" alt=\"\" width=\"490\" class=\"alignleft size-full wp-image-144399\" srcset=\"https:\/\/leipziger-blechbude.de\/content\/wp-content\/uploads\/2012\/09\/ang_musikgarten_1.jpg 900w, https:\/\/leipziger-blechbude.de\/content\/wp-content\/uploads\/2012\/09\/ang_musikgarten_1-300x199.jpg 300w, https:\/\/leipziger-blechbude.de\/content\/wp-content\/uploads\/2012\/09\/ang_musikgarten_1-768x509.jpg 768w\" sizes=\"(max-width: 900px) 100vw, 900px\" \/><\/p>\n<p>Dieser Kurs geht auf den wachsenden Erlebnisraum der Kinder ein. Der immer gr\u00f6\u00dferen Selbstst\u00e4ndigkeit der Kinder wird mit interaktiven Spielen und Freiraum f\u00fcr eigene Gestaltungsideen Rechnung getragen.<\/p>\n<div class=\"divider\"><\/div>\n<p><img decoding=\"async\" src=\"https:\/\/leipziger-blechbude.de\/content\/wp-content\/uploads\/2012\/09\/ang_musikgarten_3.jpg\" alt=\"\" width=\"490\"  class=\"alignleft size-full wp-image-144408\" srcset=\"https:\/\/leipziger-blechbude.de\/content\/wp-content\/uploads\/2012\/09\/ang_musikgarten_3.jpg 900w, https:\/\/leipziger-blechbude.de\/content\/wp-content\/uploads\/2012\/09\/ang_musikgarten_3-300x199.jpg 300w, https:\/\/leipziger-blechbude.de\/content\/wp-content\/uploads\/2012\/09\/ang_musikgarten_3-768x509.jpg 768w\" sizes=\"(max-width: 900px) 100vw, 900px\" \/><\/p>\n<p>Die Kinder l\u00f6sen sich allm\u00e4hlich vom sicheren Scho\u00df der Eltern und erproben ihre Unabh\u00e4ngigkeit. Das Gruppenerlebnis r\u00fcckt in den Mittelpunkt. Themen wie Natur und Jahreszeiten werden in Liedern reflektiert.<br \/>\n<div class=\"divider\"><\/div><\/p>\n<p><img decoding=\"async\" src=\"https:\/\/leipziger-blechbude.de\/content\/wp-content\/uploads\/2012\/09\/ang_musikgarten_2.jpg\" alt=\"\" width=\"490\"  class=\"alignleft size-full wp-image-144393\" srcset=\"https:\/\/leipziger-blechbude.de\/content\/wp-content\/uploads\/2012\/09\/ang_musikgarten_2.jpg 900w, https:\/\/leipziger-blechbude.de\/content\/wp-content\/uploads\/2012\/09\/ang_musikgarten_2-300x199.jpg 300w, https:\/\/leipziger-blechbude.de\/content\/wp-content\/uploads\/2012\/09\/ang_musikgarten_2-768x509.jpg 768w\" sizes=\"(max-width: 900px) 100vw, 900px\" \/><\/p>\n<p>Gemeinsames Musizieren und Musikh\u00f6ren in dieser fr\u00fchen Phase ist f\u00fcr das Kind \u201eNahrung\u201c f\u00fcr K\u00f6rper, Geist und Seele.<\/p>\n<p>Singen, tanzen, lauschen und musizieren sie also mit, und f\u00f6rdern Sie somit die angeborene Musikalit\u00e4t Ihres Kindes!<\/p>\n<div class=\"divider\"><\/div>\n<p style=\"text-align:center;\">Nach allen Kursen der Musikm\u00e4use sind alle Muttis\/Papas herzlich eingeladen, sich gemeinsam bei einer Tasse Kaffee oder Tee auszutauschen und zu schwatzen. Selbstverst\u00e4ndlich stehen wir dabei f\u00fcr alle Fragen gern zur Verf\u00fcgung.<\/p>\n<div class=\"divider\"><\/div>\n<div style=\"text-align: center;\">\n<a class=\"standard-btn yellow-btn\" href=\"https:\/\/leipziger-blechbude.de\/content\/angebote#stundenplan\"><span>Wann ist was<\/span><\/a><a class=\"standard-btn yellow-btn\" href=\"https:\/\/leipziger-blechbude.de\/content\/angebote\/preisliste\/\"><span>Preisliste<\/span><\/a>\n<\/div>\n<h2 class=\"centered\"><span>Babykurse &amp; Kurse f\u00fcr Tagesm\u00fctter &amp; -papas<\/span><\/h2>\n<p><img loading=\"lazy\" decoding=\"async\" src=\"https:\/\/leipziger-blechbude.de\/content\/wp-content\/uploads\/2012\/09\/ang_musikgarten_0.jpg\" alt=\"\" width=\"900\" height=\"600\" class=\"alignright size-full wp-image-144751\" srcset=\"https:\/\/leipziger-blechbude.de\/content\/wp-content\/uploads\/2012\/09\/ang_musikgarten_0.jpg 900w, https:\/\/leipziger-blechbude.de\/content\/wp-content\/uploads\/2012\/09\/ang_musikgarten_0-300x200.jpg 300w, https:\/\/leipziger-blechbude.de\/content\/wp-content\/uploads\/2012\/09\/ang_musikgarten_0-768x512.jpg 768w\" sizes=\"auto, (max-width: 900px) 100vw, 900px\" \/><br \/>\nDie Kurse finden Vormittags nach Absprache in kleinen Gruppen statt.<\/p>\n<div style=\"text-align: center;\">\n<a class=\"standard-btn yellow-btn\" href=\"https:\/\/leipziger-blechbude.de\/content\/angebote#stundenplan\"><span>Wann ist was<\/span><\/a><a class=\"standard-btn yellow-btn\" href=\"https:\/\/leipziger-blechbude.de\/content\/angebote\/preisliste\/\"><span>Preisliste<\/span><\/a>\n<\/div>\n<div class=\"divider\"><\/div>\n","protected":false},"excerpt":{"rendered":"<p>Gemeinsam musizieren &#8211; von Anfang an! Hier werden unsere Kleinsten gemeinsam mit ihren Mamas und Papas spielerisch an die Musik herangef\u00fchrt. Ohne Leistungserwartung sollen die Kinder die Gelegenheit bekommen, Musik aufzunehmen und selbst zu gestalten. So wird, entsprechend von Langzeitstudien, der positive Einfluss von musikalischer F\u00f6rderung &hellip; <\/p>\n<p><a href=\"https:\/\/leipziger-blechbude.de\/content\/angebote\/musikmause\/\" class=\"more-link\"><span class=\"morelink-icon\">Weiterlesen<\/span><\/a><\/p>\n","protected":false},"author":1,"featured_media":0,"parent":143504,"menu_order":3,"comment_status":"closed","ping_status":"closed","template":"page-templates\/full-width.php","meta":{"jetpack_post_was_ever_published":false,"footnotes":""},"class_list":["post-21","page","type-page","status-publish","hentry"],"jetpack_shortlink":"https:\/\/wp.me\/P2KXId-l","jetpack_sharing_enabled":true,"_links":{"self":[{"href":"https:\/\/leipziger-blechbude.de\/content\/wp-json\/wp\/v2\/pages\/21","targetHints":{"allow":["GET"]}}],"collection":[{"href":"https:\/\/leipziger-blechbude.de\/content\/wp-json\/wp\/v2\/pages"}],"about":[{"href":"https:\/\/leipziger-blechbude.de\/content\/wp-json\/wp\/v2\/types\/page"}],"author":[{"embeddable":true,"href":"https:\/\/leipziger-blechbude.de\/content\/wp-json\/wp\/v2\/users\/1"}],"replies":[{"embeddable":true,"href":"https:\/\/leipziger-blechbude.de\/content\/wp-json\/wp\/v2\/comments?post=21"}],"version-history":[{"count":116,"href":"https:\/\/leipziger-blechbude.de\/content\/wp-json\/wp\/v2\/pages\/21\/revisions"}],"predecessor-version":[{"id":890528,"href":"https:\/\/leipziger-blechbude.de\/content\/wp-json\/wp\/v2\/pages\/21\/revisions\/890528"}],"up":[{"embeddable":true,"href":"https:\/\/leipziger-blechbude.de\/content\/wp-json\/wp\/v2\/pages\/143504"}],"wp:attachment":[{"href":"https:\/\/leipziger-blechbude.de\/content\/wp-json\/wp\/v2\/media?parent=21"}],"curies":[{"name":"wp","href":"https:\/\/api.w.org\/{rel}","templated":true}]}}