{"id":25,"date":"2012-09-13T20:54:03","date_gmt":"2012-09-13T18:54:03","guid":{"rendered":"http:\/\/leipziger-blechbude.de\/content\/?page_id=25"},"modified":"2017-05-12T19:36:40","modified_gmt":"2017-05-12T18:36:40","slug":"instrumentenverleih","status":"publish","type":"page","link":"https:\/\/leipziger-blechbude.de\/content\/angebote\/instrumentenverleih\/","title":{"rendered":"Instrumentenverleih"},"content":{"rendered":"<p>Keine Sorge bei der Wahl des richtigen Instruments! In begrenztem Umfang stellen wir unseren Sch\u00fclern hauseigene Leihinstrumente zur Verf\u00fcgung.<\/p>\n<p><img loading=\"lazy\" decoding=\"async\" src=\"https:\/\/leipziger-blechbude.de\/content\/wp-content\/uploads\/2012\/09\/ang_instrumentenverleih_1.jpg\" alt=\"\" width=\"900\" height=\"600\" class=\"aligncenter size-full wp-image-144420\" srcset=\"https:\/\/leipziger-blechbude.de\/content\/wp-content\/uploads\/2012\/09\/ang_instrumentenverleih_1.jpg 900w, https:\/\/leipziger-blechbude.de\/content\/wp-content\/uploads\/2012\/09\/ang_instrumentenverleih_1-300x200.jpg 300w, https:\/\/leipziger-blechbude.de\/content\/wp-content\/uploads\/2012\/09\/ang_instrumentenverleih_1-768x512.jpg 768w\" sizes=\"auto, (max-width: 900px) 100vw, 900px\" \/><\/p>\n<p>F\u00fcr eine Unkosten ausgleichende Miete von 10,00 Euro pro Monat und gegen Vorlage des Versicherungsscheins (kosteng\u00fcnstige Versicherung \u00fcber Firma Vogt \u2013 Mannheimer Versicherungen) kann in Ruhe nach dem passenden Instrument und dem passenden Mundst\u00fcck gesucht werden. Um m\u00f6glichst vielen Sch\u00fclern diesen Vorteil anbieten zu k\u00f6nnen, wird den Eltern bzw Sch\u00fclern nach einem halben Jahr der Mietkauf, Kauf oder die Miete eines Instrumentes \u00fcber die Firma Vogt empfohlen:<\/p>\n<p><a href=\"http:\/\/www.vogt-instruments.com\/\" target=\"_blank\"><img loading=\"lazy\" decoding=\"async\" src=\"https:\/\/leipziger-blechbude.de\/content\/wp-content\/uploads\/2012\/09\/vogt_logo.gif\" alt=\"\" width=\"205\" height=\"132\" class=\"aligncenter size-full wp-image-144423\" \/><\/a><\/p>\n<div style=\"text-align: center;\">\n<a  href=\"http:\/\/www.vogt-instruments.com\/\" target=\"_blank\">Mattias Vogt &#8211; Passion in Brass<\/a>\n<\/div>\n","protected":false},"excerpt":{"rendered":"<p>Keine Sorge bei der Wahl des richtigen Instruments! In begrenztem Umfang stellen wir unseren Sch\u00fclern hauseigene Leihinstrumente zur Verf\u00fcgung. F\u00fcr eine Unkosten ausgleichende Miete von 10,00 Euro pro Monat und gegen Vorlage des Versicherungsscheins (kosteng\u00fcnstige Versicherung \u00fcber Firma Vogt \u2013 Mannheimer Versicherungen) kann in Ruhe nach &hellip; <\/p>\n<p><a href=\"https:\/\/leipziger-blechbude.de\/content\/angebote\/instrumentenverleih\/\" class=\"more-link\"><span class=\"morelink-icon\">Weiterlesen<\/span><\/a><\/p>\n","protected":false},"author":1,"featured_media":0,"parent":143504,"menu_order":6,"comment_status":"closed","ping_status":"closed","template":"page-templates\/full-width.php","meta":{"jetpack_post_was_ever_published":false,"footnotes":""},"class_list":["post-25","page","type-page","status-publish","hentry"],"jetpack_shortlink":"https:\/\/wp.me\/P2KXId-p","jetpack_sharing_enabled":true,"_links":{"self":[{"href":"https:\/\/leipziger-blechbude.de\/content\/wp-json\/wp\/v2\/pages\/25","targetHints":{"allow":["GET"]}}],"collection":[{"href":"https:\/\/leipziger-blechbude.de\/content\/wp-json\/wp\/v2\/pages"}],"about":[{"href":"https:\/\/leipziger-blechbude.de\/content\/wp-json\/wp\/v2\/types\/page"}],"author":[{"embeddable":true,"href":"https:\/\/leipziger-blechbude.de\/content\/wp-json\/wp\/v2\/users\/1"}],"replies":[{"embeddable":true,"href":"https:\/\/leipziger-blechbude.de\/content\/wp-json\/wp\/v2\/comments?post=25"}],"version-history":[{"count":37,"href":"https:\/\/leipziger-blechbude.de\/content\/wp-json\/wp\/v2\/pages\/25\/revisions"}],"predecessor-version":[{"id":144428,"href":"https:\/\/leipziger-blechbude.de\/content\/wp-json\/wp\/v2\/pages\/25\/revisions\/144428"}],"up":[{"embeddable":true,"href":"https:\/\/leipziger-blechbude.de\/content\/wp-json\/wp\/v2\/pages\/143504"}],"wp:attachment":[{"href":"https:\/\/leipziger-blechbude.de\/content\/wp-json\/wp\/v2\/media?parent=25"}],"curies":[{"name":"wp","href":"https:\/\/api.w.org\/{rel}","templated":true}]}}